{"id":453,"date":"2023-11-19T08:49:19","date_gmt":"2023-11-19T08:49:19","guid":{"rendered":"https:\/\/www.hotelbolognese.com\/?page_id=453"},"modified":"2024-02-05T16:00:47","modified_gmt":"2024-02-05T16:00:47","slug":"nous-trouver","status":"publish","type":"page","link":"https:\/\/www.hotelbolognese.com\/fr\/nous-trouver\/","title":{"rendered":"Nous trouver"},"content":{"rendered":"<p>L\u2019h\u00f4tel est situ\u00e9 dans une position strat\u00e9gique : il est en effet tr\u00e8s pratique \u00e0 atteindre soit en arrivant <strong>en voiture<\/strong> (autoroute A27, sortie Tr\u00e9vise Sud ou A4, sortie Preganziol), soit <strong>en train<\/strong> \u00e0 la gare de Treviso Centrale \u00e0 environ 4 km ou \u00e0 la gare de Preganziol \u00e0 seulement 2 km, ou bien <strong>en avion<\/strong>, \u00e9tant donn\u00e9 la proximit\u00e9 de l\u2019a\u00e9roport de Tr\u00e9vise \u00e0 5 minutes et de l\u2019a\u00e9roport international de Venise Marco Polo \u00e0 20 minutes, auquel il est reli\u00e9 par un r\u00e9seau autoroutier rapide.<\/p>\n","protected":false},"excerpt":{"rendered":"<p>L\u2019h\u00f4tel est situ\u00e9 dans une position strat\u00e9gique : il est en effet tr\u00e8s pratique \u00e0 atteindre soit en arrivant en voiture (autoroute A27, sortie Tr\u00e9vise Sud ou A4, sortie Preganziol), soit en train \u00e0 la gare de Treviso Centrale \u00e0 environ 4 km ou \u00e0 la gare de Preganziol \u00e0 seulement 2 km, ou bien [&hellip;]<\/p>\n","protected":false},"author":7,"featured_media":0,"parent":0,"menu_order":90,"comment_status":"closed","ping_status":"closed","template":"template-location.php","meta":{"footnotes":""},"yoast_head":"<!-- This site is optimized with the Yoast SEO plugin v22.3 - https:\/\/yoast.com\/wordpress\/plugins\/seo\/ -->\n<title>Nous trouver - Villa Pace Park Hotel Bolognese -<\/title>\n<meta name=\"description\" content=\"L\u2019h\u00f4tel est situ\u00e9 dans une position strat\u00e9gique : il est en effet tr\u00e8s pratique \u00e0 atteindre soit en arrivant en voiture (autoroute A27, sortie Tr\u00e9vise Sud ou A4, sortie Preganziol), soit en train \u00e0 la gare de Treviso Centrale \u00e0 environ 4 km ou \u00e0 la gare de Preganziol \u00e0 seulement 2 km, ou bien en avion, \u00e9tant donn\u00e9 la proximit\u00e9 de l\u2019a\u00e9roport de Tr\u00e9vise \u00e0 5 minutes et de l\u2019a\u00e9roport international de Venise Marco Polo \u00e0 20 minutes, auquel il est reli\u00e9 par un r\u00e9seau autoroutier rapide..\" \/>\n<meta name=\"robots\" content=\"index, follow, max-snippet:-1, max-image-preview:large, max-video-preview:-1\" \/>\n<link rel=\"canonical\" href=\"https:\/\/www.hotelbolognese.com\/fr\/nous-trouver\/\" \/>\n<meta property=\"og:locale\" content=\"fr_FR\" \/>\n<meta property=\"og:type\" content=\"article\" \/>\n<meta property=\"og:title\" content=\"Nous trouver - Villa Pace Park Hotel Bolognese -\" \/>\n<meta property=\"og:description\" content=\"L\u2019h\u00f4tel est situ\u00e9 dans une position strat\u00e9gique : il est en effet tr\u00e8s pratique \u00e0 atteindre soit en arrivant en voiture (autoroute A27, sortie Tr\u00e9vise Sud ou A4, sortie Preganziol), soit en train \u00e0 la gare de Treviso Centrale \u00e0 environ 4 km ou \u00e0 la gare de Preganziol \u00e0 seulement 2 km, ou bien en avion, \u00e9tant donn\u00e9 la proximit\u00e9 de l\u2019a\u00e9roport de Tr\u00e9vise \u00e0 5 minutes et de l\u2019a\u00e9roport international de Venise Marco Polo \u00e0 20 minutes, auquel il est reli\u00e9 par un r\u00e9seau autoroutier rapide..\" \/>\n<meta property=\"og:url\" content=\"https:\/\/www.hotelbolognese.com\/fr\/nous-trouver\/\" \/>\n<meta property=\"og:site_name\" content=\"Villa Pace Park Hotel Bolognese\" \/>\n<meta property=\"article:modified_time\" content=\"2024-02-05T16:00:47+00:00\" \/>\n<meta name=\"twitter:card\" content=\"summary_large_image\" \/>\n<script type=\"application\/ld+json\" class=\"yoast-schema-graph\">{\"@context\":\"https:\/\/schema.org\",\"@graph\":[{\"@type\":\"WebPage\",\"@id\":\"https:\/\/www.hotelbolognese.com\/fr\/nous-trouver\/\",\"url\":\"https:\/\/www.hotelbolognese.com\/fr\/nous-trouver\/\",\"name\":\"Nous trouver - Villa Pace Park Hotel Bolognese -\",\"isPartOf\":{\"@id\":\"https:\/\/www.hotelbolognese.com\/fr\/#website\"},\"datePublished\":\"2023-11-19T08:49:19+00:00\",\"dateModified\":\"2024-02-05T16:00:47+00:00\",\"description\":\"L\u2019h\u00f4tel est situ\u00e9 dans une position strat\u00e9gique : il est en effet tr\u00e8s pratique \u00e0 atteindre soit en arrivant en voiture (autoroute A27, sortie Tr\u00e9vise Sud ou A4, sortie Preganziol), soit en train \u00e0 la gare de Treviso Centrale \u00e0 environ 4 km ou \u00e0 la gare de Preganziol \u00e0 seulement 2 km, ou bien en avion, \u00e9tant donn\u00e9 la proximit\u00e9 de l\u2019a\u00e9roport de Tr\u00e9vise \u00e0 5 minutes et de l\u2019a\u00e9roport international de Venise Marco Polo \u00e0 20 minutes, auquel il est reli\u00e9 par un r\u00e9seau autoroutier rapide..\",\"breadcrumb\":{\"@id\":\"https:\/\/www.hotelbolognese.com\/fr\/nous-trouver\/#breadcrumb\"},\"inLanguage\":\"fr-FR\",\"potentialAction\":[{\"@type\":\"ReadAction\",\"target\":[\"https:\/\/www.hotelbolognese.com\/fr\/nous-trouver\/\"]}]},{\"@type\":\"BreadcrumbList\",\"@id\":\"https:\/\/www.hotelbolognese.com\/fr\/nous-trouver\/#breadcrumb\",\"itemListElement\":[{\"@type\":\"ListItem\",\"position\":1,\"name\":\"Home\",\"item\":\"https:\/\/www.hotelbolognese.com\/fr\/\"},{\"@type\":\"ListItem\",\"position\":2,\"name\":\"Nous trouver\"}]},{\"@type\":\"WebSite\",\"@id\":\"https:\/\/www.hotelbolognese.com\/fr\/#website\",\"url\":\"https:\/\/www.hotelbolognese.com\/fr\/\",\"name\":\"Villa Pace Park Hotel Bolognese\",\"description\":\"\",\"potentialAction\":[{\"@type\":\"SearchAction\",\"target\":{\"@type\":\"EntryPoint\",\"urlTemplate\":\"https:\/\/www.hotelbolognese.com\/fr\/?s={search_term_string}\"},\"query-input\":\"required name=search_term_string\"}],\"inLanguage\":\"fr-FR\"}]}<\/script>\n<!-- \/ Yoast SEO plugin. -->","yoast_head_json":{"title":"Nous trouver - Villa Pace Park Hotel Bolognese -","description":"L\u2019h\u00f4tel est situ\u00e9 dans une position strat\u00e9gique : il est en effet tr\u00e8s pratique \u00e0 atteindre soit en arrivant en voiture (autoroute A27, sortie Tr\u00e9vise Sud ou A4, sortie Preganziol), soit en train \u00e0 la gare de Treviso Centrale \u00e0 environ 4 km ou \u00e0 la gare de Preganziol \u00e0 seulement 2 km, ou bien en avion, \u00e9tant donn\u00e9 la proximit\u00e9 de l\u2019a\u00e9roport de Tr\u00e9vise \u00e0 5 minutes et de l\u2019a\u00e9roport international de Venise Marco Polo \u00e0 20 minutes, auquel il est reli\u00e9 par un r\u00e9seau autoroutier rapide..","robots":{"index":"index","follow":"follow","max-snippet":"max-snippet:-1","max-image-preview":"max-image-preview:large","max-video-preview":"max-video-preview:-1"},"canonical":"https:\/\/www.hotelbolognese.com\/fr\/nous-trouver\/","og_locale":"fr_FR","og_type":"article","og_title":"Nous trouver - Villa Pace Park Hotel Bolognese -","og_description":"L\u2019h\u00f4tel est situ\u00e9 dans une position strat\u00e9gique : il est en effet tr\u00e8s pratique \u00e0 atteindre soit en arrivant en voiture (autoroute A27, sortie Tr\u00e9vise Sud ou A4, sortie Preganziol), soit en train \u00e0 la gare de Treviso Centrale \u00e0 environ 4 km ou \u00e0 la gare de Preganziol \u00e0 seulement 2 km, ou bien en avion, \u00e9tant donn\u00e9 la proximit\u00e9 de l\u2019a\u00e9roport de Tr\u00e9vise \u00e0 5 minutes et de l\u2019a\u00e9roport international de Venise Marco Polo \u00e0 20 minutes, auquel il est reli\u00e9 par un r\u00e9seau autoroutier rapide..","og_url":"https:\/\/www.hotelbolognese.com\/fr\/nous-trouver\/","og_site_name":"Villa Pace Park Hotel Bolognese","article_modified_time":"2024-02-05T16:00:47+00:00","twitter_card":"summary_large_image","schema":{"@context":"https:\/\/schema.org","@graph":[{"@type":"WebPage","@id":"https:\/\/www.hotelbolognese.com\/fr\/nous-trouver\/","url":"https:\/\/www.hotelbolognese.com\/fr\/nous-trouver\/","name":"Nous trouver - Villa Pace Park Hotel Bolognese -","isPartOf":{"@id":"https:\/\/www.hotelbolognese.com\/fr\/#website"},"datePublished":"2023-11-19T08:49:19+00:00","dateModified":"2024-02-05T16:00:47+00:00","description":"L\u2019h\u00f4tel est situ\u00e9 dans une position strat\u00e9gique : il est en effet tr\u00e8s pratique \u00e0 atteindre soit en arrivant en voiture (autoroute A27, sortie Tr\u00e9vise Sud ou A4, sortie Preganziol), soit en train \u00e0 la gare de Treviso Centrale \u00e0 environ 4 km ou \u00e0 la gare de Preganziol \u00e0 seulement 2 km, ou bien en avion, \u00e9tant donn\u00e9 la proximit\u00e9 de l\u2019a\u00e9roport de Tr\u00e9vise \u00e0 5 minutes et de l\u2019a\u00e9roport international de Venise Marco Polo \u00e0 20 minutes, auquel il est reli\u00e9 par un r\u00e9seau autoroutier rapide..","breadcrumb":{"@id":"https:\/\/www.hotelbolognese.com\/fr\/nous-trouver\/#breadcrumb"},"inLanguage":"fr-FR","potentialAction":[{"@type":"ReadAction","target":["https:\/\/www.hotelbolognese.com\/fr\/nous-trouver\/"]}]},{"@type":"BreadcrumbList","@id":"https:\/\/www.hotelbolognese.com\/fr\/nous-trouver\/#breadcrumb","itemListElement":[{"@type":"ListItem","position":1,"name":"Home","item":"https:\/\/www.hotelbolognese.com\/fr\/"},{"@type":"ListItem","position":2,"name":"Nous trouver"}]},{"@type":"WebSite","@id":"https:\/\/www.hotelbolognese.com\/fr\/#website","url":"https:\/\/www.hotelbolognese.com\/fr\/","name":"Villa Pace Park Hotel Bolognese","description":"","potentialAction":[{"@type":"SearchAction","target":{"@type":"EntryPoint","urlTemplate":"https:\/\/www.hotelbolognese.com\/fr\/?s={search_term_string}"},"query-input":"required name=search_term_string"}],"inLanguage":"fr-FR"}]}},"acf":[],"_links":{"self":[{"href":"https:\/\/www.hotelbolognese.com\/fr\/wp-json\/wp\/v2\/pages\/453"}],"collection":[{"href":"https:\/\/www.hotelbolognese.com\/fr\/wp-json\/wp\/v2\/pages"}],"about":[{"href":"https:\/\/www.hotelbolognese.com\/fr\/wp-json\/wp\/v2\/types\/page"}],"author":[{"embeddable":true,"href":"https:\/\/www.hotelbolognese.com\/fr\/wp-json\/wp\/v2\/users\/7"}],"replies":[{"embeddable":true,"href":"https:\/\/www.hotelbolognese.com\/fr\/wp-json\/wp\/v2\/comments?post=453"}],"version-history":[{"count":0,"href":"https:\/\/www.hotelbolognese.com\/fr\/wp-json\/wp\/v2\/pages\/453\/revisions"}],"wp:attachment":[{"href":"https:\/\/www.hotelbolognese.com\/fr\/wp-json\/wp\/v2\/media?parent=453"}],"curies":[{"name":"wp","href":"https:\/\/api.w.org\/{rel}","templated":true}]}}