{"id":436,"date":"2023-11-19T09:43:26","date_gmt":"2023-11-19T09:43:26","guid":{"rendered":"https:\/\/www.hotelbolognese.com\/?page_id=436"},"modified":"2024-02-05T15:39:12","modified_gmt":"2024-02-05T15:39:12","slug":"sport","status":"publish","type":"page","link":"https:\/\/www.hotelbolognese.com\/fr\/services\/sport\/","title":{"rendered":"Sport"},"content":{"rendered":"<p>Cher client, nous sommes heureux de vous accueillir et nous esp\u00e9rons que vous passerez un agr\u00e9able s\u00e9jour dans la Marche tr\u00e9visane. Notre h\u00f4tel qui adh\u00e8re au Club produit \u00ab <a href=\"http:\/\/www.youtube.com\/watch?v=-9QfWGFDhaI\" target=\"_blank\" rel=\"noopener\">Treviso la provincia dello Sport<\/a> \u00bb garantit une s\u00e9rie de services exclusifs, sp\u00e9cialement con\u00e7us pour satisfaire les clients qui souhaitent passer des vacances sportives dans la province de Tr\u00e9vise.<\/p>\n","protected":false},"excerpt":{"rendered":"<p>Cher client, nous sommes heureux de vous accueillir et nous esp\u00e9rons que vous passerez un agr\u00e9able s\u00e9jour dans la Marche tr\u00e9visane. Notre h\u00f4tel qui adh\u00e8re au Club produit \u00ab Treviso la provincia dello Sport \u00bb garantit une s\u00e9rie de services exclusifs, sp\u00e9cialement con\u00e7us pour satisfaire les clients qui souhaitent passer des vacances sportives dans la [&hellip;]<\/p>\n","protected":false},"author":7,"featured_media":0,"parent":427,"menu_order":20,"comment_status":"closed","ping_status":"closed","template":"","meta":{"footnotes":""},"yoast_head":"<!-- This site is optimized with the Yoast SEO plugin v22.3 - https:\/\/yoast.com\/wordpress\/plugins\/seo\/ -->\n<title>Sport - Villa Pace Park Hotel Bolognese -<\/title>\n<meta name=\"description\" content=\"Cher client, nous sommes heureux de vous accueillir et nous esp\u00e9rons que vous passerez un agr\u00e9able s\u00e9jour dans la Marche tr\u00e9visane. Notre h\u00f4tel qui adh\u00e8re au Club produit \u00ab Treviso la provincia dello Sport \u00bb garantit une s\u00e9rie de services exclusifs, sp\u00e9cialement con\u00e7us pour satisfaire les clients qui souhaitent passer des vacances sportives dans la province de Tr\u00e9vise.\" \/>\n<meta name=\"robots\" content=\"noindex, nofollow\" \/>\n<meta property=\"og:locale\" content=\"fr_FR\" \/>\n<meta property=\"og:type\" content=\"article\" \/>\n<meta property=\"og:title\" content=\"Sport - Villa Pace Park Hotel Bolognese -\" \/>\n<meta property=\"og:description\" content=\"Cher client, nous sommes heureux de vous accueillir et nous esp\u00e9rons que vous passerez un agr\u00e9able s\u00e9jour dans la Marche tr\u00e9visane. Notre h\u00f4tel qui adh\u00e8re au Club produit \u00ab Treviso la provincia dello Sport \u00bb garantit une s\u00e9rie de services exclusifs, sp\u00e9cialement con\u00e7us pour satisfaire les clients qui souhaitent passer des vacances sportives dans la province de Tr\u00e9vise.\" \/>\n<meta property=\"og:url\" content=\"https:\/\/www.hotelbolognese.com\/fr\/services\/sport\/\" \/>\n<meta property=\"og:site_name\" content=\"Villa Pace Park Hotel Bolognese\" \/>\n<meta property=\"article:modified_time\" content=\"2024-02-05T15:39:12+00:00\" \/>\n<meta name=\"twitter:card\" content=\"summary_large_image\" \/>\n<script type=\"application\/ld+json\" class=\"yoast-schema-graph\">{\"@context\":\"https:\/\/schema.org\",\"@graph\":[{\"@type\":\"WebPage\",\"@id\":\"https:\/\/www.hotelbolognese.com\/fr\/services\/sport\/\",\"url\":\"https:\/\/www.hotelbolognese.com\/fr\/services\/sport\/\",\"name\":\"Sport - Villa Pace Park Hotel Bolognese -\",\"isPartOf\":{\"@id\":\"https:\/\/www.hotelbolognese.com\/fr\/#website\"},\"datePublished\":\"2023-11-19T09:43:26+00:00\",\"dateModified\":\"2024-02-05T15:39:12+00:00\",\"description\":\"Cher client, nous sommes heureux de vous accueillir et nous esp\u00e9rons que vous passerez un agr\u00e9able s\u00e9jour dans la Marche tr\u00e9visane. Notre h\u00f4tel qui adh\u00e8re au Club produit \u00ab Treviso la provincia dello Sport \u00bb garantit une s\u00e9rie de services exclusifs, sp\u00e9cialement con\u00e7us pour satisfaire les clients qui souhaitent passer des vacances sportives dans la province de Tr\u00e9vise.\",\"breadcrumb\":{\"@id\":\"https:\/\/www.hotelbolognese.com\/fr\/services\/sport\/#breadcrumb\"},\"inLanguage\":\"fr-FR\",\"potentialAction\":[{\"@type\":\"ReadAction\",\"target\":[\"https:\/\/www.hotelbolognese.com\/fr\/services\/sport\/\"]}]},{\"@type\":\"BreadcrumbList\",\"@id\":\"https:\/\/www.hotelbolognese.com\/fr\/services\/sport\/#breadcrumb\",\"itemListElement\":[{\"@type\":\"ListItem\",\"position\":1,\"name\":\"Home\",\"item\":\"https:\/\/www.hotelbolognese.com\/fr\/\"},{\"@type\":\"ListItem\",\"position\":2,\"name\":\"Services\",\"item\":\"https:\/\/www.hotelbolognese.com\/fr\/services\/\"},{\"@type\":\"ListItem\",\"position\":3,\"name\":\"Sport\"}]},{\"@type\":\"WebSite\",\"@id\":\"https:\/\/www.hotelbolognese.com\/fr\/#website\",\"url\":\"https:\/\/www.hotelbolognese.com\/fr\/\",\"name\":\"Villa Pace Park Hotel Bolognese\",\"description\":\"\",\"potentialAction\":[{\"@type\":\"SearchAction\",\"target\":{\"@type\":\"EntryPoint\",\"urlTemplate\":\"https:\/\/www.hotelbolognese.com\/fr\/?s={search_term_string}\"},\"query-input\":\"required name=search_term_string\"}],\"inLanguage\":\"fr-FR\"}]}<\/script>\n<!-- \/ Yoast SEO plugin. -->","yoast_head_json":{"title":"Sport - Villa Pace Park Hotel Bolognese -","description":"Cher client, nous sommes heureux de vous accueillir et nous esp\u00e9rons que vous passerez un agr\u00e9able s\u00e9jour dans la Marche tr\u00e9visane. Notre h\u00f4tel qui adh\u00e8re au Club produit \u00ab Treviso la provincia dello Sport \u00bb garantit une s\u00e9rie de services exclusifs, sp\u00e9cialement con\u00e7us pour satisfaire les clients qui souhaitent passer des vacances sportives dans la province de Tr\u00e9vise.","robots":{"index":"noindex","follow":"nofollow"},"og_locale":"fr_FR","og_type":"article","og_title":"Sport - Villa Pace Park Hotel Bolognese -","og_description":"Cher client, nous sommes heureux de vous accueillir et nous esp\u00e9rons que vous passerez un agr\u00e9able s\u00e9jour dans la Marche tr\u00e9visane. Notre h\u00f4tel qui adh\u00e8re au Club produit \u00ab Treviso la provincia dello Sport \u00bb garantit une s\u00e9rie de services exclusifs, sp\u00e9cialement con\u00e7us pour satisfaire les clients qui souhaitent passer des vacances sportives dans la province de Tr\u00e9vise.","og_url":"https:\/\/www.hotelbolognese.com\/fr\/services\/sport\/","og_site_name":"Villa Pace Park Hotel Bolognese","article_modified_time":"2024-02-05T15:39:12+00:00","twitter_card":"summary_large_image","schema":{"@context":"https:\/\/schema.org","@graph":[{"@type":"WebPage","@id":"https:\/\/www.hotelbolognese.com\/fr\/services\/sport\/","url":"https:\/\/www.hotelbolognese.com\/fr\/services\/sport\/","name":"Sport - Villa Pace Park Hotel Bolognese -","isPartOf":{"@id":"https:\/\/www.hotelbolognese.com\/fr\/#website"},"datePublished":"2023-11-19T09:43:26+00:00","dateModified":"2024-02-05T15:39:12+00:00","description":"Cher client, nous sommes heureux de vous accueillir et nous esp\u00e9rons que vous passerez un agr\u00e9able s\u00e9jour dans la Marche tr\u00e9visane. Notre h\u00f4tel qui adh\u00e8re au Club produit \u00ab Treviso la provincia dello Sport \u00bb garantit une s\u00e9rie de services exclusifs, sp\u00e9cialement con\u00e7us pour satisfaire les clients qui souhaitent passer des vacances sportives dans la province de Tr\u00e9vise.","breadcrumb":{"@id":"https:\/\/www.hotelbolognese.com\/fr\/services\/sport\/#breadcrumb"},"inLanguage":"fr-FR","potentialAction":[{"@type":"ReadAction","target":["https:\/\/www.hotelbolognese.com\/fr\/services\/sport\/"]}]},{"@type":"BreadcrumbList","@id":"https:\/\/www.hotelbolognese.com\/fr\/services\/sport\/#breadcrumb","itemListElement":[{"@type":"ListItem","position":1,"name":"Home","item":"https:\/\/www.hotelbolognese.com\/fr\/"},{"@type":"ListItem","position":2,"name":"Services","item":"https:\/\/www.hotelbolognese.com\/fr\/services\/"},{"@type":"ListItem","position":3,"name":"Sport"}]},{"@type":"WebSite","@id":"https:\/\/www.hotelbolognese.com\/fr\/#website","url":"https:\/\/www.hotelbolognese.com\/fr\/","name":"Villa Pace Park Hotel Bolognese","description":"","potentialAction":[{"@type":"SearchAction","target":{"@type":"EntryPoint","urlTemplate":"https:\/\/www.hotelbolognese.com\/fr\/?s={search_term_string}"},"query-input":"required name=search_term_string"}],"inLanguage":"fr-FR"}]}},"acf":[],"_links":{"self":[{"href":"https:\/\/www.hotelbolognese.com\/fr\/wp-json\/wp\/v2\/pages\/436"}],"collection":[{"href":"https:\/\/www.hotelbolognese.com\/fr\/wp-json\/wp\/v2\/pages"}],"about":[{"href":"https:\/\/www.hotelbolognese.com\/fr\/wp-json\/wp\/v2\/types\/page"}],"author":[{"embeddable":true,"href":"https:\/\/www.hotelbolognese.com\/fr\/wp-json\/wp\/v2\/users\/7"}],"replies":[{"embeddable":true,"href":"https:\/\/www.hotelbolognese.com\/fr\/wp-json\/wp\/v2\/comments?post=436"}],"version-history":[{"count":0,"href":"https:\/\/www.hotelbolognese.com\/fr\/wp-json\/wp\/v2\/pages\/436\/revisions"}],"up":[{"embeddable":true,"href":"https:\/\/www.hotelbolognese.com\/fr\/wp-json\/wp\/v2\/pages\/427"}],"wp:attachment":[{"href":"https:\/\/www.hotelbolognese.com\/fr\/wp-json\/wp\/v2\/media?parent=436"}],"curies":[{"name":"wp","href":"https:\/\/api.w.org\/{rel}","templated":true}]}}