{"id":432,"date":"2023-12-19T10:36:44","date_gmt":"2023-12-19T10:36:44","guid":{"rendered":"https:\/\/www.hotelbolognese.com\/?page_id=432"},"modified":"2024-02-05T15:31:06","modified_gmt":"2024-02-05T15:31:06","slug":"espace-detente","status":"publish","type":"page","link":"https:\/\/www.hotelbolognese.com\/fr\/services\/espace-detente\/","title":{"rendered":"Espace d\u00e9tente"},"content":{"rendered":"<p>Le trait distinctif de l\u2019\u00e9tablissement est le merveilleux parc d\u2019arbres s\u00e9culaires situ\u00e9 en face de la villa, id\u00e9al pour des moments de d\u00e9tente, des ap\u00e9ritifs, des d\u00eeners, des f\u00eates, des banquets et des \u00e9v\u00e9nements. Les tunnels en verre panoramique et les poutres apparentes, immerg\u00e9s dans la verdure, qui relient toutes les villas, sont caract\u00e9ristiques.<\/p>\n","protected":false},"excerpt":{"rendered":"<p>Le trait distinctif de l\u2019\u00e9tablissement est le merveilleux parc d\u2019arbres s\u00e9culaires situ\u00e9 en face de la villa, id\u00e9al pour des moments de d\u00e9tente, des ap\u00e9ritifs, des d\u00eeners, des f\u00eates, des banquets et des \u00e9v\u00e9nements. Les tunnels en verre panoramique et les poutres apparentes, immerg\u00e9s dans la verdure, qui relient toutes les villas, sont caract\u00e9ristiques.<\/p>\n","protected":false},"author":7,"featured_media":0,"parent":427,"menu_order":11,"comment_status":"closed","ping_status":"closed","template":"","meta":{"footnotes":""},"class_list":["post-432","page","type-page","status-publish","hentry"],"yoast_head":"<!-- This site is optimized with the Yoast SEO plugin v27.3 - https:\/\/yoast.com\/product\/yoast-seo-wordpress\/ -->\n<title>Espace d\u00e9tente - Villa Pace Park Hotel Bolognese -<\/title>\n<meta name=\"description\" content=\"Le trait distinctif de l\u2019\u00e9tablissement est le merveilleux parc d\u2019arbres s\u00e9culaires situ\u00e9 en face de la villa, id\u00e9al pour des moments de d\u00e9tente, des ap\u00e9ritifs, des d\u00eeners, des f\u00eates, des banquets et des \u00e9v\u00e9nements. Les tunnels en verre panoramique et les poutres apparentes, immerg\u00e9s dans la verdure, qui relient toutes les villas, sont caract\u00e9ristiques.\" \/>\n<meta name=\"robots\" content=\"index, follow, max-snippet:-1, max-image-preview:large, max-video-preview:-1\" \/>\n<link rel=\"canonical\" href=\"https:\/\/www.hotelbolognese.com\/fr\/services\/espace-detente\/\" \/>\n<meta property=\"og:locale\" content=\"fr_FR\" \/>\n<meta property=\"og:type\" content=\"article\" \/>\n<meta property=\"og:title\" content=\"Espace d\u00e9tente - Villa Pace Park Hotel Bolognese -\" \/>\n<meta property=\"og:description\" content=\"Le trait distinctif de l\u2019\u00e9tablissement est le merveilleux parc d\u2019arbres s\u00e9culaires situ\u00e9 en face de la villa, id\u00e9al pour des moments de d\u00e9tente, des ap\u00e9ritifs, des d\u00eeners, des f\u00eates, des banquets et des \u00e9v\u00e9nements. Les tunnels en verre panoramique et les poutres apparentes, immerg\u00e9s dans la verdure, qui relient toutes les villas, sont caract\u00e9ristiques.\" \/>\n<meta property=\"og:url\" content=\"https:\/\/www.hotelbolognese.com\/fr\/services\/espace-detente\/\" \/>\n<meta property=\"og:site_name\" content=\"Villa Pace Park Hotel Bolognese\" \/>\n<meta property=\"article:modified_time\" content=\"2024-02-05T15:31:06+00:00\" \/>\n<meta name=\"twitter:card\" content=\"summary_large_image\" \/>\n<script type=\"application\/ld+json\" class=\"yoast-schema-graph\">{\"@context\":\"https:\\\/\\\/schema.org\",\"@graph\":[{\"@type\":\"WebPage\",\"@id\":\"https:\\\/\\\/www.hotelbolognese.com\\\/fr\\\/services\\\/espace-detente\\\/\",\"url\":\"https:\\\/\\\/www.hotelbolognese.com\\\/fr\\\/services\\\/espace-detente\\\/\",\"name\":\"Espace d\u00e9tente - Villa Pace Park Hotel Bolognese -\",\"isPartOf\":{\"@id\":\"https:\\\/\\\/www.hotelbolognese.com\\\/fr\\\/#website\"},\"datePublished\":\"2023-12-19T10:36:44+00:00\",\"dateModified\":\"2024-02-05T15:31:06+00:00\",\"description\":\"Le trait distinctif de l\u2019\u00e9tablissement est le merveilleux parc d\u2019arbres s\u00e9culaires situ\u00e9 en face de la villa, id\u00e9al pour des moments de d\u00e9tente, des ap\u00e9ritifs, des d\u00eeners, des f\u00eates, des banquets et des \u00e9v\u00e9nements. Les tunnels en verre panoramique et les poutres apparentes, immerg\u00e9s dans la verdure, qui relient toutes les villas, sont caract\u00e9ristiques.\",\"breadcrumb\":{\"@id\":\"https:\\\/\\\/www.hotelbolognese.com\\\/fr\\\/services\\\/espace-detente\\\/#breadcrumb\"},\"inLanguage\":\"fr-FR\",\"potentialAction\":[{\"@type\":\"ReadAction\",\"target\":[\"https:\\\/\\\/www.hotelbolognese.com\\\/fr\\\/services\\\/espace-detente\\\/\"]}]},{\"@type\":\"BreadcrumbList\",\"@id\":\"https:\\\/\\\/www.hotelbolognese.com\\\/fr\\\/services\\\/espace-detente\\\/#breadcrumb\",\"itemListElement\":[{\"@type\":\"ListItem\",\"position\":1,\"name\":\"Home\",\"item\":\"https:\\\/\\\/www.hotelbolognese.com\\\/fr\\\/\"},{\"@type\":\"ListItem\",\"position\":2,\"name\":\"Services\",\"item\":\"https:\\\/\\\/www.hotelbolognese.com\\\/fr\\\/services\\\/\"},{\"@type\":\"ListItem\",\"position\":3,\"name\":\"Espace d\u00e9tente\"}]},{\"@type\":\"WebSite\",\"@id\":\"https:\\\/\\\/www.hotelbolognese.com\\\/fr\\\/#website\",\"url\":\"https:\\\/\\\/www.hotelbolognese.com\\\/fr\\\/\",\"name\":\"Villa Pace Park Hotel Bolognese\",\"description\":\"\",\"potentialAction\":[{\"@type\":\"SearchAction\",\"target\":{\"@type\":\"EntryPoint\",\"urlTemplate\":\"https:\\\/\\\/www.hotelbolognese.com\\\/fr\\\/?s={search_term_string}\"},\"query-input\":{\"@type\":\"PropertyValueSpecification\",\"valueRequired\":true,\"valueName\":\"search_term_string\"}}],\"inLanguage\":\"fr-FR\"}]}<\/script>\n<!-- \/ Yoast SEO plugin. -->","yoast_head_json":{"title":"Espace d\u00e9tente - Villa Pace Park Hotel Bolognese -","description":"Le trait distinctif de l\u2019\u00e9tablissement est le merveilleux parc d\u2019arbres s\u00e9culaires situ\u00e9 en face de la villa, id\u00e9al pour des moments de d\u00e9tente, des ap\u00e9ritifs, des d\u00eeners, des f\u00eates, des banquets et des \u00e9v\u00e9nements. Les tunnels en verre panoramique et les poutres apparentes, immerg\u00e9s dans la verdure, qui relient toutes les villas, sont caract\u00e9ristiques.","robots":{"index":"index","follow":"follow","max-snippet":"max-snippet:-1","max-image-preview":"max-image-preview:large","max-video-preview":"max-video-preview:-1"},"canonical":"https:\/\/www.hotelbolognese.com\/fr\/services\/espace-detente\/","og_locale":"fr_FR","og_type":"article","og_title":"Espace d\u00e9tente - Villa Pace Park Hotel Bolognese -","og_description":"Le trait distinctif de l\u2019\u00e9tablissement est le merveilleux parc d\u2019arbres s\u00e9culaires situ\u00e9 en face de la villa, id\u00e9al pour des moments de d\u00e9tente, des ap\u00e9ritifs, des d\u00eeners, des f\u00eates, des banquets et des \u00e9v\u00e9nements. Les tunnels en verre panoramique et les poutres apparentes, immerg\u00e9s dans la verdure, qui relient toutes les villas, sont caract\u00e9ristiques.","og_url":"https:\/\/www.hotelbolognese.com\/fr\/services\/espace-detente\/","og_site_name":"Villa Pace Park Hotel Bolognese","article_modified_time":"2024-02-05T15:31:06+00:00","twitter_card":"summary_large_image","schema":{"@context":"https:\/\/schema.org","@graph":[{"@type":"WebPage","@id":"https:\/\/www.hotelbolognese.com\/fr\/services\/espace-detente\/","url":"https:\/\/www.hotelbolognese.com\/fr\/services\/espace-detente\/","name":"Espace d\u00e9tente - Villa Pace Park Hotel Bolognese -","isPartOf":{"@id":"https:\/\/www.hotelbolognese.com\/fr\/#website"},"datePublished":"2023-12-19T10:36:44+00:00","dateModified":"2024-02-05T15:31:06+00:00","description":"Le trait distinctif de l\u2019\u00e9tablissement est le merveilleux parc d\u2019arbres s\u00e9culaires situ\u00e9 en face de la villa, id\u00e9al pour des moments de d\u00e9tente, des ap\u00e9ritifs, des d\u00eeners, des f\u00eates, des banquets et des \u00e9v\u00e9nements. Les tunnels en verre panoramique et les poutres apparentes, immerg\u00e9s dans la verdure, qui relient toutes les villas, sont caract\u00e9ristiques.","breadcrumb":{"@id":"https:\/\/www.hotelbolognese.com\/fr\/services\/espace-detente\/#breadcrumb"},"inLanguage":"fr-FR","potentialAction":[{"@type":"ReadAction","target":["https:\/\/www.hotelbolognese.com\/fr\/services\/espace-detente\/"]}]},{"@type":"BreadcrumbList","@id":"https:\/\/www.hotelbolognese.com\/fr\/services\/espace-detente\/#breadcrumb","itemListElement":[{"@type":"ListItem","position":1,"name":"Home","item":"https:\/\/www.hotelbolognese.com\/fr\/"},{"@type":"ListItem","position":2,"name":"Services","item":"https:\/\/www.hotelbolognese.com\/fr\/services\/"},{"@type":"ListItem","position":3,"name":"Espace d\u00e9tente"}]},{"@type":"WebSite","@id":"https:\/\/www.hotelbolognese.com\/fr\/#website","url":"https:\/\/www.hotelbolognese.com\/fr\/","name":"Villa Pace Park Hotel Bolognese","description":"","potentialAction":[{"@type":"SearchAction","target":{"@type":"EntryPoint","urlTemplate":"https:\/\/www.hotelbolognese.com\/fr\/?s={search_term_string}"},"query-input":{"@type":"PropertyValueSpecification","valueRequired":true,"valueName":"search_term_string"}}],"inLanguage":"fr-FR"}]}},"acf":[],"_links":{"self":[{"href":"https:\/\/www.hotelbolognese.com\/fr\/wp-json\/wp\/v2\/pages\/432","targetHints":{"allow":["GET"]}}],"collection":[{"href":"https:\/\/www.hotelbolognese.com\/fr\/wp-json\/wp\/v2\/pages"}],"about":[{"href":"https:\/\/www.hotelbolognese.com\/fr\/wp-json\/wp\/v2\/types\/page"}],"author":[{"embeddable":true,"href":"https:\/\/www.hotelbolognese.com\/fr\/wp-json\/wp\/v2\/users\/7"}],"replies":[{"embeddable":true,"href":"https:\/\/www.hotelbolognese.com\/fr\/wp-json\/wp\/v2\/comments?post=432"}],"version-history":[{"count":0,"href":"https:\/\/www.hotelbolognese.com\/fr\/wp-json\/wp\/v2\/pages\/432\/revisions"}],"up":[{"embeddable":true,"href":"https:\/\/www.hotelbolognese.com\/fr\/wp-json\/wp\/v2\/pages\/427"}],"wp:attachment":[{"href":"https:\/\/www.hotelbolognese.com\/fr\/wp-json\/wp\/v2\/media?parent=432"}],"curies":[{"name":"wp","href":"https:\/\/api.w.org\/{rel}","templated":true}]}}