{"id":427,"date":"2023-11-19T09:39:17","date_gmt":"2023-11-19T09:39:17","guid":{"rendered":"https:\/\/www.hotelbolognese.com\/?page_id=427"},"modified":"2024-02-05T15:17:34","modified_gmt":"2024-02-05T15:17:34","slug":"services","status":"publish","type":"page","link":"https:\/\/www.hotelbolognese.com\/fr\/services\/","title":{"rendered":"Services"},"content":{"rendered":"<p>R\u00e9nov\u00e9 en 2018, l\u2019h\u00f4tel nich\u00e9 dans un magnifique parc de 10 000 m\u00b2 dispose de 95 chambres, d\u2019un espace d\u00e9tente avec piscine ext\u00e9rieure, d\u2019un sauna et d\u2019un hammam, avec le c\u00e9l\u00e8bre restaurant Bolognese connu pour sa tradition et sa qualit\u00e9, quatre salles de r\u00e9union \u00e9quip\u00e9es de technologies de base et deux grands parkings.<\/p>\n<p>Notre personnel est \u00e0 votre disposition pour organiser votre transfert de\/vers l\u2019a\u00e9roport de Tr\u00e9vise ou de Venise. Nous vous rappelons que la Villa Pace Park Hotel Bolognese est situ\u00e9e \u00e0 seulement 5 minutes de l\u2019a\u00e9roport de Tr\u00e9vise (TSF) et \u00e0 20 minutes de l\u2019a\u00e9roport de Venise Marco Polo (VCE).<\/p>\n","protected":false},"excerpt":{"rendered":"<p>R\u00e9nov\u00e9 en 2018, l\u2019h\u00f4tel nich\u00e9 dans un magnifique parc de 10 000 m\u00b2 dispose de 95 chambres, d\u2019un espace d\u00e9tente avec piscine ext\u00e9rieure, d\u2019un sauna et d\u2019un hammam, avec le c\u00e9l\u00e8bre restaurant Bolognese connu pour sa tradition et sa qualit\u00e9, quatre salles de r\u00e9union \u00e9quip\u00e9es de technologies de base et deux grands parkings. Notre personnel [&hellip;]<\/p>\n","protected":false},"author":7,"featured_media":0,"parent":0,"menu_order":60,"comment_status":"closed","ping_status":"closed","template":"template-default-3.php","meta":{"footnotes":""},"yoast_head":"<!-- This site is optimized with the Yoast SEO plugin v22.3 - https:\/\/yoast.com\/wordpress\/plugins\/seo\/ -->\n<title>Services - Villa Pace Park Hotel Bolognese -<\/title>\n<meta name=\"description\" content=\"R\u00e9nov\u00e9 en 2018, l\u2019h\u00f4tel nich\u00e9 dans un magnifique parc de 10 000 m\u00b2 dispose de 95 chambres, d\u2019un espace d\u00e9tente avec piscine ext\u00e9rieure, d\u2019un sauna et d\u2019un hammam, avec le c\u00e9l\u00e8bre restaurant Bolognese connu pour sa tradition et sa qualit\u00e9, quatre salles de r\u00e9union \u00e9quip\u00e9es de technologies de base et deux grands parkings.  Notre personnel est \u00e0 votre disposition pour organiser votre transfert de\/vers l\u2019a\u00e9roport de Tr\u00e9vise ou de Venise. Nous vous rappelons que la Villa Pace Park Hotel Bolognese est situ\u00e9e \u00e0 seulement 5 minutes de l\u2019a\u00e9roport de Tr\u00e9vise (TSF) et \u00e0 20 minutes de l\u2019a\u00e9roport de Venise Marco Polo (VCE).\" \/>\n<meta name=\"robots\" content=\"index, follow, max-snippet:-1, max-image-preview:large, max-video-preview:-1\" \/>\n<link rel=\"canonical\" href=\"https:\/\/www.hotelbolognese.com\/fr\/services\/\" \/>\n<meta property=\"og:locale\" content=\"fr_FR\" \/>\n<meta property=\"og:type\" content=\"article\" \/>\n<meta property=\"og:title\" content=\"Services - Villa Pace Park Hotel Bolognese -\" \/>\n<meta property=\"og:description\" content=\"R\u00e9nov\u00e9 en 2018, l\u2019h\u00f4tel nich\u00e9 dans un magnifique parc de 10 000 m\u00b2 dispose de 95 chambres, d\u2019un espace d\u00e9tente avec piscine ext\u00e9rieure, d\u2019un sauna et d\u2019un hammam, avec le c\u00e9l\u00e8bre restaurant Bolognese connu pour sa tradition et sa qualit\u00e9, quatre salles de r\u00e9union \u00e9quip\u00e9es de technologies de base et deux grands parkings.  Notre personnel est \u00e0 votre disposition pour organiser votre transfert de\/vers l\u2019a\u00e9roport de Tr\u00e9vise ou de Venise. Nous vous rappelons que la Villa Pace Park Hotel Bolognese est situ\u00e9e \u00e0 seulement 5 minutes de l\u2019a\u00e9roport de Tr\u00e9vise (TSF) et \u00e0 20 minutes de l\u2019a\u00e9roport de Venise Marco Polo (VCE).\" \/>\n<meta property=\"og:url\" content=\"https:\/\/www.hotelbolognese.com\/fr\/services\/\" \/>\n<meta property=\"og:site_name\" content=\"Villa Pace Park Hotel Bolognese\" \/>\n<meta property=\"article:modified_time\" content=\"2024-02-05T15:17:34+00:00\" \/>\n<meta name=\"twitter:card\" content=\"summary_large_image\" \/>\n<meta name=\"twitter:label1\" content=\"Dur\u00e9e de lecture estim\u00e9e\" \/>\n\t<meta name=\"twitter:data1\" content=\"1 minute\" \/>\n<script type=\"application\/ld+json\" class=\"yoast-schema-graph\">{\"@context\":\"https:\/\/schema.org\",\"@graph\":[{\"@type\":\"WebPage\",\"@id\":\"https:\/\/www.hotelbolognese.com\/fr\/services\/\",\"url\":\"https:\/\/www.hotelbolognese.com\/fr\/services\/\",\"name\":\"Services - Villa Pace Park Hotel Bolognese -\",\"isPartOf\":{\"@id\":\"https:\/\/www.hotelbolognese.com\/fr\/#website\"},\"datePublished\":\"2023-11-19T09:39:17+00:00\",\"dateModified\":\"2024-02-05T15:17:34+00:00\",\"description\":\"R\u00e9nov\u00e9 en 2018, l\u2019h\u00f4tel nich\u00e9 dans un magnifique parc de 10 000 m\u00b2 dispose de 95 chambres, d\u2019un espace d\u00e9tente avec piscine ext\u00e9rieure, d\u2019un sauna et d\u2019un hammam, avec le c\u00e9l\u00e8bre restaurant Bolognese connu pour sa tradition et sa qualit\u00e9, quatre salles de r\u00e9union \u00e9quip\u00e9es de technologies de base et deux grands parkings. Notre personnel est \u00e0 votre disposition pour organiser votre transfert de\/vers l\u2019a\u00e9roport de Tr\u00e9vise ou de Venise. Nous vous rappelons que la Villa Pace Park Hotel Bolognese est situ\u00e9e \u00e0 seulement 5 minutes de l\u2019a\u00e9roport de Tr\u00e9vise (TSF) et \u00e0 20 minutes de l\u2019a\u00e9roport de Venise Marco Polo (VCE).\",\"breadcrumb\":{\"@id\":\"https:\/\/www.hotelbolognese.com\/fr\/services\/#breadcrumb\"},\"inLanguage\":\"fr-FR\",\"potentialAction\":[{\"@type\":\"ReadAction\",\"target\":[\"https:\/\/www.hotelbolognese.com\/fr\/services\/\"]}]},{\"@type\":\"BreadcrumbList\",\"@id\":\"https:\/\/www.hotelbolognese.com\/fr\/services\/#breadcrumb\",\"itemListElement\":[{\"@type\":\"ListItem\",\"position\":1,\"name\":\"Home\",\"item\":\"https:\/\/www.hotelbolognese.com\/fr\/\"},{\"@type\":\"ListItem\",\"position\":2,\"name\":\"Services\"}]},{\"@type\":\"WebSite\",\"@id\":\"https:\/\/www.hotelbolognese.com\/fr\/#website\",\"url\":\"https:\/\/www.hotelbolognese.com\/fr\/\",\"name\":\"Villa Pace Park Hotel Bolognese\",\"description\":\"\",\"potentialAction\":[{\"@type\":\"SearchAction\",\"target\":{\"@type\":\"EntryPoint\",\"urlTemplate\":\"https:\/\/www.hotelbolognese.com\/fr\/?s={search_term_string}\"},\"query-input\":\"required name=search_term_string\"}],\"inLanguage\":\"fr-FR\"}]}<\/script>\n<!-- \/ Yoast SEO plugin. -->","yoast_head_json":{"title":"Services - Villa Pace Park Hotel Bolognese -","description":"R\u00e9nov\u00e9 en 2018, l\u2019h\u00f4tel nich\u00e9 dans un magnifique parc de 10 000 m\u00b2 dispose de 95 chambres, d\u2019un espace d\u00e9tente avec piscine ext\u00e9rieure, d\u2019un sauna et d\u2019un hammam, avec le c\u00e9l\u00e8bre restaurant Bolognese connu pour sa tradition et sa qualit\u00e9, quatre salles de r\u00e9union \u00e9quip\u00e9es de technologies de base et deux grands parkings.  Notre personnel est \u00e0 votre disposition pour organiser votre transfert de\/vers l\u2019a\u00e9roport de Tr\u00e9vise ou de Venise. Nous vous rappelons que la Villa Pace Park Hotel Bolognese est situ\u00e9e \u00e0 seulement 5 minutes de l\u2019a\u00e9roport de Tr\u00e9vise (TSF) et \u00e0 20 minutes de l\u2019a\u00e9roport de Venise Marco Polo (VCE).","robots":{"index":"index","follow":"follow","max-snippet":"max-snippet:-1","max-image-preview":"max-image-preview:large","max-video-preview":"max-video-preview:-1"},"canonical":"https:\/\/www.hotelbolognese.com\/fr\/services\/","og_locale":"fr_FR","og_type":"article","og_title":"Services - Villa Pace Park Hotel Bolognese -","og_description":"R\u00e9nov\u00e9 en 2018, l\u2019h\u00f4tel nich\u00e9 dans un magnifique parc de 10 000 m\u00b2 dispose de 95 chambres, d\u2019un espace d\u00e9tente avec piscine ext\u00e9rieure, d\u2019un sauna et d\u2019un hammam, avec le c\u00e9l\u00e8bre restaurant Bolognese connu pour sa tradition et sa qualit\u00e9, quatre salles de r\u00e9union \u00e9quip\u00e9es de technologies de base et deux grands parkings.  Notre personnel est \u00e0 votre disposition pour organiser votre transfert de\/vers l\u2019a\u00e9roport de Tr\u00e9vise ou de Venise. Nous vous rappelons que la Villa Pace Park Hotel Bolognese est situ\u00e9e \u00e0 seulement 5 minutes de l\u2019a\u00e9roport de Tr\u00e9vise (TSF) et \u00e0 20 minutes de l\u2019a\u00e9roport de Venise Marco Polo (VCE).","og_url":"https:\/\/www.hotelbolognese.com\/fr\/services\/","og_site_name":"Villa Pace Park Hotel Bolognese","article_modified_time":"2024-02-05T15:17:34+00:00","twitter_card":"summary_large_image","twitter_misc":{"Dur\u00e9e de lecture estim\u00e9e":"1 minute"},"schema":{"@context":"https:\/\/schema.org","@graph":[{"@type":"WebPage","@id":"https:\/\/www.hotelbolognese.com\/fr\/services\/","url":"https:\/\/www.hotelbolognese.com\/fr\/services\/","name":"Services - Villa Pace Park Hotel Bolognese -","isPartOf":{"@id":"https:\/\/www.hotelbolognese.com\/fr\/#website"},"datePublished":"2023-11-19T09:39:17+00:00","dateModified":"2024-02-05T15:17:34+00:00","description":"R\u00e9nov\u00e9 en 2018, l\u2019h\u00f4tel nich\u00e9 dans un magnifique parc de 10 000 m\u00b2 dispose de 95 chambres, d\u2019un espace d\u00e9tente avec piscine ext\u00e9rieure, d\u2019un sauna et d\u2019un hammam, avec le c\u00e9l\u00e8bre restaurant Bolognese connu pour sa tradition et sa qualit\u00e9, quatre salles de r\u00e9union \u00e9quip\u00e9es de technologies de base et deux grands parkings. Notre personnel est \u00e0 votre disposition pour organiser votre transfert de\/vers l\u2019a\u00e9roport de Tr\u00e9vise ou de Venise. Nous vous rappelons que la Villa Pace Park Hotel Bolognese est situ\u00e9e \u00e0 seulement 5 minutes de l\u2019a\u00e9roport de Tr\u00e9vise (TSF) et \u00e0 20 minutes de l\u2019a\u00e9roport de Venise Marco Polo (VCE).","breadcrumb":{"@id":"https:\/\/www.hotelbolognese.com\/fr\/services\/#breadcrumb"},"inLanguage":"fr-FR","potentialAction":[{"@type":"ReadAction","target":["https:\/\/www.hotelbolognese.com\/fr\/services\/"]}]},{"@type":"BreadcrumbList","@id":"https:\/\/www.hotelbolognese.com\/fr\/services\/#breadcrumb","itemListElement":[{"@type":"ListItem","position":1,"name":"Home","item":"https:\/\/www.hotelbolognese.com\/fr\/"},{"@type":"ListItem","position":2,"name":"Services"}]},{"@type":"WebSite","@id":"https:\/\/www.hotelbolognese.com\/fr\/#website","url":"https:\/\/www.hotelbolognese.com\/fr\/","name":"Villa Pace Park Hotel Bolognese","description":"","potentialAction":[{"@type":"SearchAction","target":{"@type":"EntryPoint","urlTemplate":"https:\/\/www.hotelbolognese.com\/fr\/?s={search_term_string}"},"query-input":"required name=search_term_string"}],"inLanguage":"fr-FR"}]}},"acf":[],"_links":{"self":[{"href":"https:\/\/www.hotelbolognese.com\/fr\/wp-json\/wp\/v2\/pages\/427"}],"collection":[{"href":"https:\/\/www.hotelbolognese.com\/fr\/wp-json\/wp\/v2\/pages"}],"about":[{"href":"https:\/\/www.hotelbolognese.com\/fr\/wp-json\/wp\/v2\/types\/page"}],"author":[{"embeddable":true,"href":"https:\/\/www.hotelbolognese.com\/fr\/wp-json\/wp\/v2\/users\/7"}],"replies":[{"embeddable":true,"href":"https:\/\/www.hotelbolognese.com\/fr\/wp-json\/wp\/v2\/comments?post=427"}],"version-history":[{"count":0,"href":"https:\/\/www.hotelbolognese.com\/fr\/wp-json\/wp\/v2\/pages\/427\/revisions"}],"wp:attachment":[{"href":"https:\/\/www.hotelbolognese.com\/fr\/wp-json\/wp\/v2\/media?parent=427"}],"curies":[{"name":"wp","href":"https:\/\/api.w.org\/{rel}","templated":true}]}}