{"id":414,"date":"2023-11-18T09:57:13","date_gmt":"2023-11-18T09:57:13","guid":{"rendered":"https:\/\/www.hotelbolognese.com\/?page_id=414"},"modified":"2024-02-06T09:05:36","modified_gmt":"2024-02-06T09:05:36","slug":"conferences","status":"publish","type":"page","link":"https:\/\/www.hotelbolognese.com\/fr\/conferences\/","title":{"rendered":"Conf\u00e9rences"},"content":{"rendered":"<p>L\u2019h\u00f4tel a \u00e9galement \u00e9t\u00e9 bien structur\u00e9 afin d\u2019accueillir des r\u00e9unions et des \u00e9v\u00e9nements de tous types, des r\u00e9unions d\u2019affaires aux d\u00e9fil\u00e9s, et des expositions aux conventions d\u2019entreprise.<\/p>\n<p>La courtoisie et le professionnalisme dans un emplacement unique en ville, font de Villa Pace Park Hotel Bolognese la destination sophistiqu\u00e9e et exclusive de pr\u00e9dilection pour les r\u00e9unions, les conf\u00e9rences et les \u00e9v\u00e9nements.<\/p>\n<p>Notre objectif ? Rendre le s\u00e9jour de vos clients inoubliable et unique.<\/p>\n<p>La <strong>salle Bellavista<\/strong> d\u2019une superficie de 245 m\u00b2 et d\u2019une capacit\u00e9 maximale de 250 places avec agencement en th\u00e9\u00e2tre, est la salle principale. Le point fort est qu\u2019elle <strong>est situ\u00e9e au rez-de-chauss\u00e9e et b\u00e9n\u00e9ficie d\u2019un \u00e9clairage naturel<\/strong> autoris\u00e9 sur les deux c\u00f4t\u00e9s par de grandes baies vitr\u00e9es donnant sur le parc. La salle peut \u00e9galement \u00eatre divis\u00e9e avec un mur insonoris\u00e9 en deux salles de m\u00eame capacit\u00e9 (120 et 130 places) ; les deux conservent l\u2019\u00e9clairage naturel.<\/p>\n<p>L\u2019\u00e9tablissement dispose \u00e9galement de 2 autres salles de r\u00e9union : la<strong> salle Verdi<\/strong> (40 personnes au th\u00e9\u00e2tre) et la <strong>salle Colonne<\/strong> (130 personnes en th\u00e9\u00e2tre).<\/p>\n<p>Un service qui veut \u00eatre \u00e0 360 \u00b0, cr\u00e9\u00e9 autour des besoins des personnes qui se d\u00e9placent \u00e0 la fois pour le plaisir et pour le travail, le tout compl\u00e9t\u00e9 par une offre de propositions de forfaits et de visites toujours nouvelles, pour fournir une offre compl\u00e8te et faire conna\u00eetre les diff\u00e9rentes alternatives et attractions que le territoire peut offrir. Avec nous, ce sera un plaisir de d\u00e9couvrir Tr\u00e9vise. Nous vous accompagnerons dans un voyage intemporel \u00e0 travers des parcours artistiques et une nature intacte.<\/p>\n","protected":false},"excerpt":{"rendered":"<p>L\u2019h\u00f4tel a \u00e9galement \u00e9t\u00e9 bien structur\u00e9 afin d\u2019accueillir des r\u00e9unions et des \u00e9v\u00e9nements de tous types, des r\u00e9unions d\u2019affaires aux d\u00e9fil\u00e9s, et des expositions aux conventions d\u2019entreprise. La courtoisie et le professionnalisme dans un emplacement unique en ville, font de Villa Pace Park Hotel Bolognese la destination sophistiqu\u00e9e et exclusive de pr\u00e9dilection pour les r\u00e9unions, [&hellip;]<\/p>\n","protected":false},"author":7,"featured_media":0,"parent":0,"menu_order":50,"comment_status":"closed","ping_status":"closed","template":"template-meeting.php","meta":{"footnotes":""},"class_list":["post-414","page","type-page","status-publish","hentry"],"yoast_head":"<!-- This site is optimized with the Yoast SEO plugin v27.3 - https:\/\/yoast.com\/product\/yoast-seo-wordpress\/ -->\n<title>Conf\u00e9rences - Villa Pace Park Hotel Bolognese -<\/title>\n<meta name=\"description\" content=\"L\u2019h\u00f4tel a \u00e9galement \u00e9t\u00e9 bien structur\u00e9 afin d\u2019accueillir des r\u00e9unions et des \u00e9v\u00e9nements de tous types, des r\u00e9unions d\u2019affaires aux d\u00e9fil\u00e9s, et des expositions aux conventions d\u2019entreprise.  La courtoisie et le professionnalisme dans un emplacement unique en ville, font de Villa Pace Park Hotel Bolognese la destination sophistiqu\u00e9e et exclusive de pr\u00e9dilection pour les r\u00e9unions, les conf\u00e9rences et les \u00e9v\u00e9nements.  Notre objectif ? Rendre le s\u00e9jour de vos clients inoubliable et unique.  La salle Bellavista d\u2019une superficie de 245 m\u00b2 et d\u2019une capacit\u00e9 maximale de 250 places avec agencement en th\u00e9\u00e2tre, est la salle principale. Le point fort est qu\u2019elle est situ\u00e9e au rez-de-chauss\u00e9e et b\u00e9n\u00e9ficie d\u2019un \u00e9clairage naturel autoris\u00e9 sur les deux c\u00f4t\u00e9s par de grandes baies vitr\u00e9es donnant sur le parc\" \/>\n<meta name=\"robots\" content=\"index, follow, max-snippet:-1, max-image-preview:large, max-video-preview:-1\" \/>\n<link rel=\"canonical\" href=\"https:\/\/www.hotelbolognese.com\/fr\/conferences\/\" \/>\n<meta property=\"og:locale\" content=\"fr_FR\" \/>\n<meta property=\"og:type\" content=\"article\" \/>\n<meta property=\"og:title\" content=\"Conf\u00e9rences - Villa Pace Park Hotel Bolognese -\" \/>\n<meta property=\"og:description\" content=\"L\u2019h\u00f4tel a \u00e9galement \u00e9t\u00e9 bien structur\u00e9 afin d\u2019accueillir des r\u00e9unions et des \u00e9v\u00e9nements de tous types, des r\u00e9unions d\u2019affaires aux d\u00e9fil\u00e9s, et des expositions aux conventions d\u2019entreprise.  La courtoisie et le professionnalisme dans un emplacement unique en ville, font de Villa Pace Park Hotel Bolognese la destination sophistiqu\u00e9e et exclusive de pr\u00e9dilection pour les r\u00e9unions, les conf\u00e9rences et les \u00e9v\u00e9nements.  Notre objectif ? Rendre le s\u00e9jour de vos clients inoubliable et unique.  La salle Bellavista d\u2019une superficie de 245 m\u00b2 et d\u2019une capacit\u00e9 maximale de 250 places avec agencement en th\u00e9\u00e2tre, est la salle principale. Le point fort est qu\u2019elle est situ\u00e9e au rez-de-chauss\u00e9e et b\u00e9n\u00e9ficie d\u2019un \u00e9clairage naturel autoris\u00e9 sur les deux c\u00f4t\u00e9s par de grandes baies vitr\u00e9es donnant sur le parc\" \/>\n<meta property=\"og:url\" content=\"https:\/\/www.hotelbolognese.com\/fr\/conferences\/\" \/>\n<meta property=\"og:site_name\" content=\"Villa Pace Park Hotel Bolognese\" \/>\n<meta property=\"article:modified_time\" content=\"2024-02-06T09:05:36+00:00\" \/>\n<meta name=\"twitter:card\" content=\"summary_large_image\" \/>\n<meta name=\"twitter:label1\" content=\"Dur\u00e9e de lecture estim\u00e9e\" \/>\n\t<meta name=\"twitter:data1\" content=\"1 minute\" \/>\n<script type=\"application\/ld+json\" class=\"yoast-schema-graph\">{\"@context\":\"https:\\\/\\\/schema.org\",\"@graph\":[{\"@type\":\"WebPage\",\"@id\":\"https:\\\/\\\/www.hotelbolognese.com\\\/fr\\\/conferences\\\/\",\"url\":\"https:\\\/\\\/www.hotelbolognese.com\\\/fr\\\/conferences\\\/\",\"name\":\"Conf\u00e9rences - Villa Pace Park Hotel Bolognese -\",\"isPartOf\":{\"@id\":\"https:\\\/\\\/www.hotelbolognese.com\\\/fr\\\/#website\"},\"datePublished\":\"2023-11-18T09:57:13+00:00\",\"dateModified\":\"2024-02-06T09:05:36+00:00\",\"description\":\"L\u2019h\u00f4tel a \u00e9galement \u00e9t\u00e9 bien structur\u00e9 afin d\u2019accueillir des r\u00e9unions et des \u00e9v\u00e9nements de tous types, des r\u00e9unions d\u2019affaires aux d\u00e9fil\u00e9s, et des expositions aux conventions d\u2019entreprise. La courtoisie et le professionnalisme dans un emplacement unique en ville, font de Villa Pace Park Hotel Bolognese la destination sophistiqu\u00e9e et exclusive de pr\u00e9dilection pour les r\u00e9unions, les conf\u00e9rences et les \u00e9v\u00e9nements. Notre objectif ? Rendre le s\u00e9jour de vos clients inoubliable et unique. La salle Bellavista d\u2019une superficie de 245 m\u00b2 et d\u2019une capacit\u00e9 maximale de 250 places avec agencement en th\u00e9\u00e2tre, est la salle principale. Le point fort est qu\u2019elle est situ\u00e9e au rez-de-chauss\u00e9e et b\u00e9n\u00e9ficie d\u2019un \u00e9clairage naturel autoris\u00e9 sur les deux c\u00f4t\u00e9s par de grandes baies vitr\u00e9es donnant sur le parc\",\"breadcrumb\":{\"@id\":\"https:\\\/\\\/www.hotelbolognese.com\\\/fr\\\/conferences\\\/#breadcrumb\"},\"inLanguage\":\"fr-FR\",\"potentialAction\":[{\"@type\":\"ReadAction\",\"target\":[\"https:\\\/\\\/www.hotelbolognese.com\\\/fr\\\/conferences\\\/\"]}]},{\"@type\":\"BreadcrumbList\",\"@id\":\"https:\\\/\\\/www.hotelbolognese.com\\\/fr\\\/conferences\\\/#breadcrumb\",\"itemListElement\":[{\"@type\":\"ListItem\",\"position\":1,\"name\":\"Home\",\"item\":\"https:\\\/\\\/www.hotelbolognese.com\\\/fr\\\/\"},{\"@type\":\"ListItem\",\"position\":2,\"name\":\"Conf\u00e9rences\"}]},{\"@type\":\"WebSite\",\"@id\":\"https:\\\/\\\/www.hotelbolognese.com\\\/fr\\\/#website\",\"url\":\"https:\\\/\\\/www.hotelbolognese.com\\\/fr\\\/\",\"name\":\"Villa Pace Park Hotel Bolognese\",\"description\":\"\",\"potentialAction\":[{\"@type\":\"SearchAction\",\"target\":{\"@type\":\"EntryPoint\",\"urlTemplate\":\"https:\\\/\\\/www.hotelbolognese.com\\\/fr\\\/?s={search_term_string}\"},\"query-input\":{\"@type\":\"PropertyValueSpecification\",\"valueRequired\":true,\"valueName\":\"search_term_string\"}}],\"inLanguage\":\"fr-FR\"}]}<\/script>\n<!-- \/ Yoast SEO plugin. -->","yoast_head_json":{"title":"Conf\u00e9rences - Villa Pace Park Hotel Bolognese -","description":"L\u2019h\u00f4tel a \u00e9galement \u00e9t\u00e9 bien structur\u00e9 afin d\u2019accueillir des r\u00e9unions et des \u00e9v\u00e9nements de tous types, des r\u00e9unions d\u2019affaires aux d\u00e9fil\u00e9s, et des expositions aux conventions d\u2019entreprise.  La courtoisie et le professionnalisme dans un emplacement unique en ville, font de Villa Pace Park Hotel Bolognese la destination sophistiqu\u00e9e et exclusive de pr\u00e9dilection pour les r\u00e9unions, les conf\u00e9rences et les \u00e9v\u00e9nements.  Notre objectif ? Rendre le s\u00e9jour de vos clients inoubliable et unique.  La salle Bellavista d\u2019une superficie de 245 m\u00b2 et d\u2019une capacit\u00e9 maximale de 250 places avec agencement en th\u00e9\u00e2tre, est la salle principale. Le point fort est qu\u2019elle est situ\u00e9e au rez-de-chauss\u00e9e et b\u00e9n\u00e9ficie d\u2019un \u00e9clairage naturel autoris\u00e9 sur les deux c\u00f4t\u00e9s par de grandes baies vitr\u00e9es donnant sur le parc","robots":{"index":"index","follow":"follow","max-snippet":"max-snippet:-1","max-image-preview":"max-image-preview:large","max-video-preview":"max-video-preview:-1"},"canonical":"https:\/\/www.hotelbolognese.com\/fr\/conferences\/","og_locale":"fr_FR","og_type":"article","og_title":"Conf\u00e9rences - Villa Pace Park Hotel Bolognese -","og_description":"L\u2019h\u00f4tel a \u00e9galement \u00e9t\u00e9 bien structur\u00e9 afin d\u2019accueillir des r\u00e9unions et des \u00e9v\u00e9nements de tous types, des r\u00e9unions d\u2019affaires aux d\u00e9fil\u00e9s, et des expositions aux conventions d\u2019entreprise.  La courtoisie et le professionnalisme dans un emplacement unique en ville, font de Villa Pace Park Hotel Bolognese la destination sophistiqu\u00e9e et exclusive de pr\u00e9dilection pour les r\u00e9unions, les conf\u00e9rences et les \u00e9v\u00e9nements.  Notre objectif ? Rendre le s\u00e9jour de vos clients inoubliable et unique.  La salle Bellavista d\u2019une superficie de 245 m\u00b2 et d\u2019une capacit\u00e9 maximale de 250 places avec agencement en th\u00e9\u00e2tre, est la salle principale. Le point fort est qu\u2019elle est situ\u00e9e au rez-de-chauss\u00e9e et b\u00e9n\u00e9ficie d\u2019un \u00e9clairage naturel autoris\u00e9 sur les deux c\u00f4t\u00e9s par de grandes baies vitr\u00e9es donnant sur le parc","og_url":"https:\/\/www.hotelbolognese.com\/fr\/conferences\/","og_site_name":"Villa Pace Park Hotel Bolognese","article_modified_time":"2024-02-06T09:05:36+00:00","twitter_card":"summary_large_image","twitter_misc":{"Dur\u00e9e de lecture estim\u00e9e":"1 minute"},"schema":{"@context":"https:\/\/schema.org","@graph":[{"@type":"WebPage","@id":"https:\/\/www.hotelbolognese.com\/fr\/conferences\/","url":"https:\/\/www.hotelbolognese.com\/fr\/conferences\/","name":"Conf\u00e9rences - Villa Pace Park Hotel Bolognese -","isPartOf":{"@id":"https:\/\/www.hotelbolognese.com\/fr\/#website"},"datePublished":"2023-11-18T09:57:13+00:00","dateModified":"2024-02-06T09:05:36+00:00","description":"L\u2019h\u00f4tel a \u00e9galement \u00e9t\u00e9 bien structur\u00e9 afin d\u2019accueillir des r\u00e9unions et des \u00e9v\u00e9nements de tous types, des r\u00e9unions d\u2019affaires aux d\u00e9fil\u00e9s, et des expositions aux conventions d\u2019entreprise. La courtoisie et le professionnalisme dans un emplacement unique en ville, font de Villa Pace Park Hotel Bolognese la destination sophistiqu\u00e9e et exclusive de pr\u00e9dilection pour les r\u00e9unions, les conf\u00e9rences et les \u00e9v\u00e9nements. Notre objectif ? Rendre le s\u00e9jour de vos clients inoubliable et unique. La salle Bellavista d\u2019une superficie de 245 m\u00b2 et d\u2019une capacit\u00e9 maximale de 250 places avec agencement en th\u00e9\u00e2tre, est la salle principale. Le point fort est qu\u2019elle est situ\u00e9e au rez-de-chauss\u00e9e et b\u00e9n\u00e9ficie d\u2019un \u00e9clairage naturel autoris\u00e9 sur les deux c\u00f4t\u00e9s par de grandes baies vitr\u00e9es donnant sur le parc","breadcrumb":{"@id":"https:\/\/www.hotelbolognese.com\/fr\/conferences\/#breadcrumb"},"inLanguage":"fr-FR","potentialAction":[{"@type":"ReadAction","target":["https:\/\/www.hotelbolognese.com\/fr\/conferences\/"]}]},{"@type":"BreadcrumbList","@id":"https:\/\/www.hotelbolognese.com\/fr\/conferences\/#breadcrumb","itemListElement":[{"@type":"ListItem","position":1,"name":"Home","item":"https:\/\/www.hotelbolognese.com\/fr\/"},{"@type":"ListItem","position":2,"name":"Conf\u00e9rences"}]},{"@type":"WebSite","@id":"https:\/\/www.hotelbolognese.com\/fr\/#website","url":"https:\/\/www.hotelbolognese.com\/fr\/","name":"Villa Pace Park Hotel Bolognese","description":"","potentialAction":[{"@type":"SearchAction","target":{"@type":"EntryPoint","urlTemplate":"https:\/\/www.hotelbolognese.com\/fr\/?s={search_term_string}"},"query-input":{"@type":"PropertyValueSpecification","valueRequired":true,"valueName":"search_term_string"}}],"inLanguage":"fr-FR"}]}},"acf":[],"_links":{"self":[{"href":"https:\/\/www.hotelbolognese.com\/fr\/wp-json\/wp\/v2\/pages\/414","targetHints":{"allow":["GET"]}}],"collection":[{"href":"https:\/\/www.hotelbolognese.com\/fr\/wp-json\/wp\/v2\/pages"}],"about":[{"href":"https:\/\/www.hotelbolognese.com\/fr\/wp-json\/wp\/v2\/types\/page"}],"author":[{"embeddable":true,"href":"https:\/\/www.hotelbolognese.com\/fr\/wp-json\/wp\/v2\/users\/7"}],"replies":[{"embeddable":true,"href":"https:\/\/www.hotelbolognese.com\/fr\/wp-json\/wp\/v2\/comments?post=414"}],"version-history":[{"count":0,"href":"https:\/\/www.hotelbolognese.com\/fr\/wp-json\/wp\/v2\/pages\/414\/revisions"}],"wp:attachment":[{"href":"https:\/\/www.hotelbolognese.com\/fr\/wp-json\/wp\/v2\/media?parent=414"}],"curies":[{"name":"wp","href":"https:\/\/api.w.org\/{rel}","templated":true}]}}