{"id":411,"date":"2023-11-18T08:40:16","date_gmt":"2023-11-18T08:40:16","guid":{"rendered":"https:\/\/www.hotelbolognese.com\/?page_id=411"},"modified":"2024-02-06T09:04:25","modified_gmt":"2024-02-06T09:04:25","slug":"mariages","status":"publish","type":"page","link":"https:\/\/www.hotelbolognese.com\/fr\/mariages\/","title":{"rendered":"Mariages"},"content":{"rendered":"<p>L\u2019enchantement <strong>d\u2019une splendide<\/strong> <strong>villa v\u00e9nitienne<\/strong> entour\u00e9e d\u2019un parc d\u2019une rare beaut\u00e9, fait de Villa Pace Park Hotel Bolognese****S <strong>le cadre id\u00e9al pour organiser le plus beau jour de votre vie<\/strong>.<\/p>\n<p>Des lieux \u00e9l\u00e9gants, un <strong>service soign\u00e9<\/strong> jusque dans les moindres d\u00e9tails et une <strong>cuisine raffin\u00e9e<\/strong> sont les \u00e9l\u00e9ments qui caract\u00e9risent une r\u00e9ception de mariage. Notre personnel qualifi\u00e9 vous accompagnera dans le choix des mises en place th\u00e9matiques, des pr\u00e9parations et des d\u00e9corations florales pour personnaliser l\u2019\u00e9v\u00e9nement selon vos pr\u00e9f\u00e9rences.<\/p>\n","protected":false},"excerpt":{"rendered":"<p>L\u2019enchantement d\u2019une splendide villa v\u00e9nitienne entour\u00e9e d\u2019un parc d\u2019une rare beaut\u00e9, fait de Villa Pace Park Hotel Bolognese****S le cadre id\u00e9al pour organiser le plus beau jour de votre vie. Des lieux \u00e9l\u00e9gants, un service soign\u00e9 jusque dans les moindres d\u00e9tails et une cuisine raffin\u00e9e sont les \u00e9l\u00e9ments qui caract\u00e9risent une r\u00e9ception de mariage. Notre [&hellip;]<\/p>\n","protected":false},"author":7,"featured_media":0,"parent":0,"menu_order":40,"comment_status":"closed","ping_status":"closed","template":"template-weddings.php","meta":{"footnotes":""},"class_list":["post-411","page","type-page","status-publish","hentry"],"yoast_head":"<!-- This site is optimized with the Yoast SEO plugin v27.3 - https:\/\/yoast.com\/product\/yoast-seo-wordpress\/ -->\n<title>Mariages - Villa Pace Park Hotel Bolognese -<\/title>\n<meta name=\"description\" content=\"L\u2019enchantement d\u2019une splendide villa v\u00e9nitienne entour\u00e9e d\u2019un parc d\u2019une rare beaut\u00e9, fait de Villa Pace Park Hotel Bolognese****S le cadre id\u00e9al pour organiser le plus beau jour de votre vie.  Des lieux \u00e9l\u00e9gants, un service soign\u00e9 jusque dans les moindres d\u00e9tails et une cuisine raffin\u00e9e sont les \u00e9l\u00e9ments qui caract\u00e9risent une r\u00e9ception de mariage. Notre personnel qualifi\u00e9 vous accompagnera dans le choix des mises en place th\u00e9matiques, des pr\u00e9parations et des d\u00e9corations florales pour personnaliser l\u2019\u00e9v\u00e9nement selon vos pr\u00e9f\u00e9rences.\" \/>\n<meta name=\"robots\" content=\"index, follow, max-snippet:-1, max-image-preview:large, max-video-preview:-1\" \/>\n<link rel=\"canonical\" href=\"https:\/\/www.hotelbolognese.com\/fr\/mariages\/\" \/>\n<meta property=\"og:locale\" content=\"fr_FR\" \/>\n<meta property=\"og:type\" content=\"article\" \/>\n<meta property=\"og:title\" content=\"Mariages - Villa Pace Park Hotel Bolognese -\" \/>\n<meta property=\"og:description\" content=\"L\u2019enchantement d\u2019une splendide villa v\u00e9nitienne entour\u00e9e d\u2019un parc d\u2019une rare beaut\u00e9, fait de Villa Pace Park Hotel Bolognese****S le cadre id\u00e9al pour organiser le plus beau jour de votre vie.  Des lieux \u00e9l\u00e9gants, un service soign\u00e9 jusque dans les moindres d\u00e9tails et une cuisine raffin\u00e9e sont les \u00e9l\u00e9ments qui caract\u00e9risent une r\u00e9ception de mariage. Notre personnel qualifi\u00e9 vous accompagnera dans le choix des mises en place th\u00e9matiques, des pr\u00e9parations et des d\u00e9corations florales pour personnaliser l\u2019\u00e9v\u00e9nement selon vos pr\u00e9f\u00e9rences.\" \/>\n<meta property=\"og:url\" content=\"https:\/\/www.hotelbolognese.com\/fr\/mariages\/\" \/>\n<meta property=\"og:site_name\" content=\"Villa Pace Park Hotel Bolognese\" \/>\n<meta property=\"article:modified_time\" content=\"2024-02-06T09:04:25+00:00\" \/>\n<meta name=\"twitter:card\" content=\"summary_large_image\" \/>\n<meta name=\"twitter:label1\" content=\"Dur\u00e9e de lecture estim\u00e9e\" \/>\n\t<meta name=\"twitter:data1\" content=\"1 minute\" \/>\n<script type=\"application\/ld+json\" class=\"yoast-schema-graph\">{\"@context\":\"https:\\\/\\\/schema.org\",\"@graph\":[{\"@type\":\"WebPage\",\"@id\":\"https:\\\/\\\/www.hotelbolognese.com\\\/fr\\\/mariages\\\/\",\"url\":\"https:\\\/\\\/www.hotelbolognese.com\\\/fr\\\/mariages\\\/\",\"name\":\"Mariages - Villa Pace Park Hotel Bolognese -\",\"isPartOf\":{\"@id\":\"https:\\\/\\\/www.hotelbolognese.com\\\/fr\\\/#website\"},\"datePublished\":\"2023-11-18T08:40:16+00:00\",\"dateModified\":\"2024-02-06T09:04:25+00:00\",\"description\":\"L\u2019enchantement d\u2019une splendide villa v\u00e9nitienne entour\u00e9e d\u2019un parc d\u2019une rare beaut\u00e9, fait de Villa Pace Park Hotel Bolognese****S le cadre id\u00e9al pour organiser le plus beau jour de votre vie. Des lieux \u00e9l\u00e9gants, un service soign\u00e9 jusque dans les moindres d\u00e9tails et une cuisine raffin\u00e9e sont les \u00e9l\u00e9ments qui caract\u00e9risent une r\u00e9ception de mariage. Notre personnel qualifi\u00e9 vous accompagnera dans le choix des mises en place th\u00e9matiques, des pr\u00e9parations et des d\u00e9corations florales pour personnaliser l\u2019\u00e9v\u00e9nement selon vos pr\u00e9f\u00e9rences.\",\"breadcrumb\":{\"@id\":\"https:\\\/\\\/www.hotelbolognese.com\\\/fr\\\/mariages\\\/#breadcrumb\"},\"inLanguage\":\"fr-FR\",\"potentialAction\":[{\"@type\":\"ReadAction\",\"target\":[\"https:\\\/\\\/www.hotelbolognese.com\\\/fr\\\/mariages\\\/\"]}]},{\"@type\":\"BreadcrumbList\",\"@id\":\"https:\\\/\\\/www.hotelbolognese.com\\\/fr\\\/mariages\\\/#breadcrumb\",\"itemListElement\":[{\"@type\":\"ListItem\",\"position\":1,\"name\":\"Home\",\"item\":\"https:\\\/\\\/www.hotelbolognese.com\\\/fr\\\/\"},{\"@type\":\"ListItem\",\"position\":2,\"name\":\"Mariages\"}]},{\"@type\":\"WebSite\",\"@id\":\"https:\\\/\\\/www.hotelbolognese.com\\\/fr\\\/#website\",\"url\":\"https:\\\/\\\/www.hotelbolognese.com\\\/fr\\\/\",\"name\":\"Villa Pace Park Hotel Bolognese\",\"description\":\"\",\"potentialAction\":[{\"@type\":\"SearchAction\",\"target\":{\"@type\":\"EntryPoint\",\"urlTemplate\":\"https:\\\/\\\/www.hotelbolognese.com\\\/fr\\\/?s={search_term_string}\"},\"query-input\":{\"@type\":\"PropertyValueSpecification\",\"valueRequired\":true,\"valueName\":\"search_term_string\"}}],\"inLanguage\":\"fr-FR\"}]}<\/script>\n<!-- \/ Yoast SEO plugin. -->","yoast_head_json":{"title":"Mariages - Villa Pace Park Hotel Bolognese -","description":"L\u2019enchantement d\u2019une splendide villa v\u00e9nitienne entour\u00e9e d\u2019un parc d\u2019une rare beaut\u00e9, fait de Villa Pace Park Hotel Bolognese****S le cadre id\u00e9al pour organiser le plus beau jour de votre vie.  Des lieux \u00e9l\u00e9gants, un service soign\u00e9 jusque dans les moindres d\u00e9tails et une cuisine raffin\u00e9e sont les \u00e9l\u00e9ments qui caract\u00e9risent une r\u00e9ception de mariage. Notre personnel qualifi\u00e9 vous accompagnera dans le choix des mises en place th\u00e9matiques, des pr\u00e9parations et des d\u00e9corations florales pour personnaliser l\u2019\u00e9v\u00e9nement selon vos pr\u00e9f\u00e9rences.","robots":{"index":"index","follow":"follow","max-snippet":"max-snippet:-1","max-image-preview":"max-image-preview:large","max-video-preview":"max-video-preview:-1"},"canonical":"https:\/\/www.hotelbolognese.com\/fr\/mariages\/","og_locale":"fr_FR","og_type":"article","og_title":"Mariages - Villa Pace Park Hotel Bolognese -","og_description":"L\u2019enchantement d\u2019une splendide villa v\u00e9nitienne entour\u00e9e d\u2019un parc d\u2019une rare beaut\u00e9, fait de Villa Pace Park Hotel Bolognese****S le cadre id\u00e9al pour organiser le plus beau jour de votre vie.  Des lieux \u00e9l\u00e9gants, un service soign\u00e9 jusque dans les moindres d\u00e9tails et une cuisine raffin\u00e9e sont les \u00e9l\u00e9ments qui caract\u00e9risent une r\u00e9ception de mariage. Notre personnel qualifi\u00e9 vous accompagnera dans le choix des mises en place th\u00e9matiques, des pr\u00e9parations et des d\u00e9corations florales pour personnaliser l\u2019\u00e9v\u00e9nement selon vos pr\u00e9f\u00e9rences.","og_url":"https:\/\/www.hotelbolognese.com\/fr\/mariages\/","og_site_name":"Villa Pace Park Hotel Bolognese","article_modified_time":"2024-02-06T09:04:25+00:00","twitter_card":"summary_large_image","twitter_misc":{"Dur\u00e9e de lecture estim\u00e9e":"1 minute"},"schema":{"@context":"https:\/\/schema.org","@graph":[{"@type":"WebPage","@id":"https:\/\/www.hotelbolognese.com\/fr\/mariages\/","url":"https:\/\/www.hotelbolognese.com\/fr\/mariages\/","name":"Mariages - Villa Pace Park Hotel Bolognese -","isPartOf":{"@id":"https:\/\/www.hotelbolognese.com\/fr\/#website"},"datePublished":"2023-11-18T08:40:16+00:00","dateModified":"2024-02-06T09:04:25+00:00","description":"L\u2019enchantement d\u2019une splendide villa v\u00e9nitienne entour\u00e9e d\u2019un parc d\u2019une rare beaut\u00e9, fait de Villa Pace Park Hotel Bolognese****S le cadre id\u00e9al pour organiser le plus beau jour de votre vie. Des lieux \u00e9l\u00e9gants, un service soign\u00e9 jusque dans les moindres d\u00e9tails et une cuisine raffin\u00e9e sont les \u00e9l\u00e9ments qui caract\u00e9risent une r\u00e9ception de mariage. Notre personnel qualifi\u00e9 vous accompagnera dans le choix des mises en place th\u00e9matiques, des pr\u00e9parations et des d\u00e9corations florales pour personnaliser l\u2019\u00e9v\u00e9nement selon vos pr\u00e9f\u00e9rences.","breadcrumb":{"@id":"https:\/\/www.hotelbolognese.com\/fr\/mariages\/#breadcrumb"},"inLanguage":"fr-FR","potentialAction":[{"@type":"ReadAction","target":["https:\/\/www.hotelbolognese.com\/fr\/mariages\/"]}]},{"@type":"BreadcrumbList","@id":"https:\/\/www.hotelbolognese.com\/fr\/mariages\/#breadcrumb","itemListElement":[{"@type":"ListItem","position":1,"name":"Home","item":"https:\/\/www.hotelbolognese.com\/fr\/"},{"@type":"ListItem","position":2,"name":"Mariages"}]},{"@type":"WebSite","@id":"https:\/\/www.hotelbolognese.com\/fr\/#website","url":"https:\/\/www.hotelbolognese.com\/fr\/","name":"Villa Pace Park Hotel Bolognese","description":"","potentialAction":[{"@type":"SearchAction","target":{"@type":"EntryPoint","urlTemplate":"https:\/\/www.hotelbolognese.com\/fr\/?s={search_term_string}"},"query-input":{"@type":"PropertyValueSpecification","valueRequired":true,"valueName":"search_term_string"}}],"inLanguage":"fr-FR"}]}},"acf":[],"_links":{"self":[{"href":"https:\/\/www.hotelbolognese.com\/fr\/wp-json\/wp\/v2\/pages\/411","targetHints":{"allow":["GET"]}}],"collection":[{"href":"https:\/\/www.hotelbolognese.com\/fr\/wp-json\/wp\/v2\/pages"}],"about":[{"href":"https:\/\/www.hotelbolognese.com\/fr\/wp-json\/wp\/v2\/types\/page"}],"author":[{"embeddable":true,"href":"https:\/\/www.hotelbolognese.com\/fr\/wp-json\/wp\/v2\/users\/7"}],"replies":[{"embeddable":true,"href":"https:\/\/www.hotelbolognese.com\/fr\/wp-json\/wp\/v2\/comments?post=411"}],"version-history":[{"count":0,"href":"https:\/\/www.hotelbolognese.com\/fr\/wp-json\/wp\/v2\/pages\/411\/revisions"}],"wp:attachment":[{"href":"https:\/\/www.hotelbolognese.com\/fr\/wp-json\/wp\/v2\/media?parent=411"}],"curies":[{"name":"wp","href":"https:\/\/api.w.org\/{rel}","templated":true}]}}