{"id":409,"date":"2023-11-18T08:09:40","date_gmt":"2023-11-18T08:09:40","guid":{"rendered":"https:\/\/www.hotelbolognese.com\/?page_id=409"},"modified":"2024-02-05T11:45:23","modified_gmt":"2024-02-05T11:45:23","slug":"restaurant","status":"publish","type":"page","link":"https:\/\/www.hotelbolognese.com\/fr\/restaurant\/","title":{"rendered":"Restaurant"},"content":{"rendered":"<p>Avec son atmosph\u00e8re intime et raffin\u00e9e, le <strong>restaurant Bolognese<\/strong> est le cadre id\u00e9al pour se laisser tenter par les sp\u00e9cialit\u00e9s de la cuisine v\u00e9nitienne. La terrasse d\u2019\u00e9t\u00e9 avec sa tr\u00e8s belle vue sur le parc est le cadre id\u00e9al pour un petit-d\u00e9jeuner d\u2019affaires, un d\u00eener romantique aux chandelles ou une r\u00e9ception priv\u00e9e.<\/p>\n<p>Notre Chef cr\u00e9e constamment des menus recherch\u00e9s r\u00e9alis\u00e9s principalement avec des produits locaux et saisonniers, accompagn\u00e9s de grands vins nationaux et internationaux.<\/p>\n","protected":false},"excerpt":{"rendered":"<p>Avec son atmosph\u00e8re intime et raffin\u00e9e, le restaurant Bolognese est le cadre id\u00e9al pour se laisser tenter par les sp\u00e9cialit\u00e9s de la cuisine v\u00e9nitienne. La terrasse d\u2019\u00e9t\u00e9 avec sa tr\u00e8s belle vue sur le parc est le cadre id\u00e9al pour un petit-d\u00e9jeuner d\u2019affaires, un d\u00eener romantique aux chandelles ou une r\u00e9ception priv\u00e9e. Notre Chef cr\u00e9e [&hellip;]<\/p>\n","protected":false},"author":7,"featured_media":0,"parent":0,"menu_order":30,"comment_status":"closed","ping_status":"closed","template":"template-single-restaurant.php","meta":{"footnotes":""},"yoast_head":"<!-- This site is optimized with the Yoast SEO plugin v22.3 - https:\/\/yoast.com\/wordpress\/plugins\/seo\/ -->\n<title>Restaurant - Villa Pace Park Hotel Bolognese -<\/title>\n<meta name=\"description\" content=\"Avec son atmosph\u00e8re intime et raffin\u00e9e, le restaurant Bolognese est le cadre id\u00e9al pour se laisser tenter par les sp\u00e9cialit\u00e9s de la cuisine v\u00e9nitienne. La terrasse d\u2019\u00e9t\u00e9 avec sa tr\u00e8s belle vue sur le parc est le cadre id\u00e9al pour un petit-d\u00e9jeuner d\u2019affaires, un d\u00eener romantique aux chandelles ou une r\u00e9ception priv\u00e9e.  Notre Chef cr\u00e9e constamment des menus recherch\u00e9s r\u00e9alis\u00e9s principalement avec des produits locaux et saisonniers, accompagn\u00e9s de grands vins nationaux et internationaux.\" \/>\n<meta name=\"robots\" content=\"index, follow, max-snippet:-1, max-image-preview:large, max-video-preview:-1\" \/>\n<link rel=\"canonical\" href=\"https:\/\/www.hotelbolognese.com\/fr\/restaurant\/\" \/>\n<meta property=\"og:locale\" content=\"fr_FR\" \/>\n<meta property=\"og:type\" content=\"article\" \/>\n<meta property=\"og:title\" content=\"Restaurant - Villa Pace Park Hotel Bolognese -\" \/>\n<meta property=\"og:description\" content=\"Avec son atmosph\u00e8re intime et raffin\u00e9e, le restaurant Bolognese est le cadre id\u00e9al pour se laisser tenter par les sp\u00e9cialit\u00e9s de la cuisine v\u00e9nitienne. La terrasse d\u2019\u00e9t\u00e9 avec sa tr\u00e8s belle vue sur le parc est le cadre id\u00e9al pour un petit-d\u00e9jeuner d\u2019affaires, un d\u00eener romantique aux chandelles ou une r\u00e9ception priv\u00e9e.  Notre Chef cr\u00e9e constamment des menus recherch\u00e9s r\u00e9alis\u00e9s principalement avec des produits locaux et saisonniers, accompagn\u00e9s de grands vins nationaux et internationaux.\" \/>\n<meta property=\"og:url\" content=\"https:\/\/www.hotelbolognese.com\/fr\/restaurant\/\" \/>\n<meta property=\"og:site_name\" content=\"Villa Pace Park Hotel Bolognese\" \/>\n<meta property=\"article:modified_time\" content=\"2024-02-05T11:45:23+00:00\" \/>\n<meta name=\"twitter:card\" content=\"summary_large_image\" \/>\n<script type=\"application\/ld+json\" class=\"yoast-schema-graph\">{\"@context\":\"https:\/\/schema.org\",\"@graph\":[{\"@type\":\"WebPage\",\"@id\":\"https:\/\/www.hotelbolognese.com\/fr\/restaurant\/\",\"url\":\"https:\/\/www.hotelbolognese.com\/fr\/restaurant\/\",\"name\":\"Restaurant - Villa Pace Park Hotel Bolognese -\",\"isPartOf\":{\"@id\":\"https:\/\/www.hotelbolognese.com\/fr\/#website\"},\"datePublished\":\"2023-11-18T08:09:40+00:00\",\"dateModified\":\"2024-02-05T11:45:23+00:00\",\"description\":\"Avec son atmosph\u00e8re intime et raffin\u00e9e, le restaurant Bolognese est le cadre id\u00e9al pour se laisser tenter par les sp\u00e9cialit\u00e9s de la cuisine v\u00e9nitienne. La terrasse d\u2019\u00e9t\u00e9 avec sa tr\u00e8s belle vue sur le parc est le cadre id\u00e9al pour un petit-d\u00e9jeuner d\u2019affaires, un d\u00eener romantique aux chandelles ou une r\u00e9ception priv\u00e9e. Notre Chef cr\u00e9e constamment des menus recherch\u00e9s r\u00e9alis\u00e9s principalement avec des produits locaux et saisonniers, accompagn\u00e9s de grands vins nationaux et internationaux.\",\"breadcrumb\":{\"@id\":\"https:\/\/www.hotelbolognese.com\/fr\/restaurant\/#breadcrumb\"},\"inLanguage\":\"fr-FR\",\"potentialAction\":[{\"@type\":\"ReadAction\",\"target\":[\"https:\/\/www.hotelbolognese.com\/fr\/restaurant\/\"]}]},{\"@type\":\"BreadcrumbList\",\"@id\":\"https:\/\/www.hotelbolognese.com\/fr\/restaurant\/#breadcrumb\",\"itemListElement\":[{\"@type\":\"ListItem\",\"position\":1,\"name\":\"Home\",\"item\":\"https:\/\/www.hotelbolognese.com\/fr\/\"},{\"@type\":\"ListItem\",\"position\":2,\"name\":\"Restaurant\"}]},{\"@type\":\"WebSite\",\"@id\":\"https:\/\/www.hotelbolognese.com\/fr\/#website\",\"url\":\"https:\/\/www.hotelbolognese.com\/fr\/\",\"name\":\"Villa Pace Park Hotel Bolognese\",\"description\":\"\",\"potentialAction\":[{\"@type\":\"SearchAction\",\"target\":{\"@type\":\"EntryPoint\",\"urlTemplate\":\"https:\/\/www.hotelbolognese.com\/fr\/?s={search_term_string}\"},\"query-input\":\"required name=search_term_string\"}],\"inLanguage\":\"fr-FR\"}]}<\/script>\n<!-- \/ Yoast SEO plugin. -->","yoast_head_json":{"title":"Restaurant - Villa Pace Park Hotel Bolognese -","description":"Avec son atmosph\u00e8re intime et raffin\u00e9e, le restaurant Bolognese est le cadre id\u00e9al pour se laisser tenter par les sp\u00e9cialit\u00e9s de la cuisine v\u00e9nitienne. La terrasse d\u2019\u00e9t\u00e9 avec sa tr\u00e8s belle vue sur le parc est le cadre id\u00e9al pour un petit-d\u00e9jeuner d\u2019affaires, un d\u00eener romantique aux chandelles ou une r\u00e9ception priv\u00e9e.  Notre Chef cr\u00e9e constamment des menus recherch\u00e9s r\u00e9alis\u00e9s principalement avec des produits locaux et saisonniers, accompagn\u00e9s de grands vins nationaux et internationaux.","robots":{"index":"index","follow":"follow","max-snippet":"max-snippet:-1","max-image-preview":"max-image-preview:large","max-video-preview":"max-video-preview:-1"},"canonical":"https:\/\/www.hotelbolognese.com\/fr\/restaurant\/","og_locale":"fr_FR","og_type":"article","og_title":"Restaurant - Villa Pace Park Hotel Bolognese -","og_description":"Avec son atmosph\u00e8re intime et raffin\u00e9e, le restaurant Bolognese est le cadre id\u00e9al pour se laisser tenter par les sp\u00e9cialit\u00e9s de la cuisine v\u00e9nitienne. La terrasse d\u2019\u00e9t\u00e9 avec sa tr\u00e8s belle vue sur le parc est le cadre id\u00e9al pour un petit-d\u00e9jeuner d\u2019affaires, un d\u00eener romantique aux chandelles ou une r\u00e9ception priv\u00e9e.  Notre Chef cr\u00e9e constamment des menus recherch\u00e9s r\u00e9alis\u00e9s principalement avec des produits locaux et saisonniers, accompagn\u00e9s de grands vins nationaux et internationaux.","og_url":"https:\/\/www.hotelbolognese.com\/fr\/restaurant\/","og_site_name":"Villa Pace Park Hotel Bolognese","article_modified_time":"2024-02-05T11:45:23+00:00","twitter_card":"summary_large_image","schema":{"@context":"https:\/\/schema.org","@graph":[{"@type":"WebPage","@id":"https:\/\/www.hotelbolognese.com\/fr\/restaurant\/","url":"https:\/\/www.hotelbolognese.com\/fr\/restaurant\/","name":"Restaurant - Villa Pace Park Hotel Bolognese -","isPartOf":{"@id":"https:\/\/www.hotelbolognese.com\/fr\/#website"},"datePublished":"2023-11-18T08:09:40+00:00","dateModified":"2024-02-05T11:45:23+00:00","description":"Avec son atmosph\u00e8re intime et raffin\u00e9e, le restaurant Bolognese est le cadre id\u00e9al pour se laisser tenter par les sp\u00e9cialit\u00e9s de la cuisine v\u00e9nitienne. La terrasse d\u2019\u00e9t\u00e9 avec sa tr\u00e8s belle vue sur le parc est le cadre id\u00e9al pour un petit-d\u00e9jeuner d\u2019affaires, un d\u00eener romantique aux chandelles ou une r\u00e9ception priv\u00e9e. Notre Chef cr\u00e9e constamment des menus recherch\u00e9s r\u00e9alis\u00e9s principalement avec des produits locaux et saisonniers, accompagn\u00e9s de grands vins nationaux et internationaux.","breadcrumb":{"@id":"https:\/\/www.hotelbolognese.com\/fr\/restaurant\/#breadcrumb"},"inLanguage":"fr-FR","potentialAction":[{"@type":"ReadAction","target":["https:\/\/www.hotelbolognese.com\/fr\/restaurant\/"]}]},{"@type":"BreadcrumbList","@id":"https:\/\/www.hotelbolognese.com\/fr\/restaurant\/#breadcrumb","itemListElement":[{"@type":"ListItem","position":1,"name":"Home","item":"https:\/\/www.hotelbolognese.com\/fr\/"},{"@type":"ListItem","position":2,"name":"Restaurant"}]},{"@type":"WebSite","@id":"https:\/\/www.hotelbolognese.com\/fr\/#website","url":"https:\/\/www.hotelbolognese.com\/fr\/","name":"Villa Pace Park Hotel Bolognese","description":"","potentialAction":[{"@type":"SearchAction","target":{"@type":"EntryPoint","urlTemplate":"https:\/\/www.hotelbolognese.com\/fr\/?s={search_term_string}"},"query-input":"required name=search_term_string"}],"inLanguage":"fr-FR"}]}},"acf":[],"_links":{"self":[{"href":"https:\/\/www.hotelbolognese.com\/fr\/wp-json\/wp\/v2\/pages\/409"}],"collection":[{"href":"https:\/\/www.hotelbolognese.com\/fr\/wp-json\/wp\/v2\/pages"}],"about":[{"href":"https:\/\/www.hotelbolognese.com\/fr\/wp-json\/wp\/v2\/types\/page"}],"author":[{"embeddable":true,"href":"https:\/\/www.hotelbolognese.com\/fr\/wp-json\/wp\/v2\/users\/7"}],"replies":[{"embeddable":true,"href":"https:\/\/www.hotelbolognese.com\/fr\/wp-json\/wp\/v2\/comments?post=409"}],"version-history":[{"count":0,"href":"https:\/\/www.hotelbolognese.com\/fr\/wp-json\/wp\/v2\/pages\/409\/revisions"}],"wp:attachment":[{"href":"https:\/\/www.hotelbolognese.com\/fr\/wp-json\/wp\/v2\/media?parent=409"}],"curies":[{"name":"wp","href":"https:\/\/api.w.org\/{rel}","templated":true}]}}