{"id":389,"date":"2023-11-16T16:42:28","date_gmt":"2023-11-16T16:42:28","guid":{"rendered":"https:\/\/www.hotelbolognese.com\/?page_id=389"},"modified":"2024-02-05T09:37:17","modified_gmt":"2024-02-05T09:37:17","slug":"chambres-et-suites","status":"publish","type":"page","link":"https:\/\/www.hotelbolognese.com\/fr\/chambres-et-suites\/","title":{"rendered":"Chambres et Suites"},"content":{"rendered":"<p>Les chambres sont divis\u00e9es en :<strong> 1 suite<\/strong> de 70 m\u00b2 (deux suites Junior communicantes avec double salle de bain) ; <strong>17 suites Junior<\/strong> spacieuses (33 m\u00b2), meubl\u00e9es dans un style et avec un parquet, toutes \u00e9quip\u00e9es d\u2019un service avec baignoire et douche s\u00e9par\u00e9es (certaines avec hydromassage) ; <strong>17 chambres Ex\u00e9cutives<\/strong> avec la m\u00eame superficie que les suites Junior et avec les m\u00eames services, mais qui se diff\u00e9rencient par une ligne d\u2019ameublement plus moderne ; <strong>12 villas Sup\u00e9rieures<\/strong> (dans la villa originale de la fin du XIXe si\u00e8cle), spacieuses et confortables, meubl\u00e9es dans un style et avec salle de bain priv\u00e9e et douche ; <strong>35 chambres Confortables<\/strong> et <strong>13 chambres Classiques<\/strong> simples avec un lit \u00e0 la fran\u00e7aise.<\/p>\n<p>Vous pouvez ainsi d\u00e9couvrir le plaisir de l\u2019intimit\u00e9 la plus absolue dans le silence ouat\u00e9 de votre chambre, ou vous immerger dans les sensations chaudes qu\u2019une de nos chambres peut vous procurer lorsque vous choisissez votre oreiller ou que vous vous choyez avec notre kit de courtoisie. Nous avons accord\u00e9 une grande attention au confort de vie des chambres, con\u00e7ues comme des espaces rassembl\u00e9s pour se d\u00e9tendre, oublier le stress et red\u00e9couvrir des rythmes de vie harmonieux et naturels<\/p>\n","protected":false},"excerpt":{"rendered":"<p>Les chambres sont divis\u00e9es en : 1 suite de 70 m\u00b2 (deux suites Junior communicantes avec double salle de bain) ; 17 suites Junior spacieuses (33 m\u00b2), meubl\u00e9es dans un style et avec un parquet, toutes \u00e9quip\u00e9es d\u2019un service avec baignoire et douche s\u00e9par\u00e9es (certaines avec hydromassage) ; 17 chambres Ex\u00e9cutives avec la m\u00eame superficie [&hellip;]<\/p>\n","protected":false},"author":7,"featured_media":0,"parent":0,"menu_order":20,"comment_status":"closed","ping_status":"closed","template":"template-rooms.php","meta":{"footnotes":""},"yoast_head":"<!-- This site is optimized with the Yoast SEO plugin v22.3 - https:\/\/yoast.com\/wordpress\/plugins\/seo\/ -->\n<title>Chambres et Suites - Villa Pace Park Hotel Bolognese -<\/title>\n<meta name=\"description\" content=\"Les chambres sont divis\u00e9es en : 1 suite de 70 m\u00b2 (deux suites Junior communicantes avec double salle de bain) ; 17 suites Junior spacieuses (33 m\u00b2), meubl\u00e9es dans un style et avec un parquet, toutes \u00e9quip\u00e9es d\u2019un service avec baignoire et douche s\u00e9par\u00e9es (certaines avec hydromassage) ; 17 chambres Ex\u00e9cutives avec la m\u00eame superficie que les suites Junior et avec les m\u00eames services, mais qui se diff\u00e9rencient par une ligne d\u2019ameublement plus moderne ; 12 villas Sup\u00e9rieures (dans la villa originale de la fin du XIXe si\u00e8cle), spacieuses et confortables, meubl\u00e9es dans un style et avec salle de bain priv\u00e9e et douche ; 35 chambres Confortables et 13 chambres Classiques simples avec un lit \u00e0 la fran\u00e7aise.  Vous pouvez ainsi d\u00e9couvrir le plaisir de l\u2019intimit\u00e9 la plus absolue dans le silence ouat\u00e9 de votre chambre, ou vous immerger dans les sensations chaudes qu\u2019une de nos chambres peut vous procurer lorsque vous choisissez votre oreiller ou que vous vous choyez avec notre kit de courtoisie. Nous avons accord\u00e9 une grande attention au confort de vie des chambres, con\u00e7ues comme des espaces rassembl\u00e9s pour se d\u00e9tendre, oublier le stress et red\u00e9couvrir des rythmes de vie harmonieux et naturels\" \/>\n<meta name=\"robots\" content=\"index, follow, max-snippet:-1, max-image-preview:large, max-video-preview:-1\" \/>\n<link rel=\"canonical\" href=\"https:\/\/www.hotelbolognese.com\/fr\/chambres-et-suites\/\" \/>\n<meta property=\"og:locale\" content=\"fr_FR\" \/>\n<meta property=\"og:type\" content=\"article\" \/>\n<meta property=\"og:title\" content=\"Chambres et Suites - Villa Pace Park Hotel Bolognese -\" \/>\n<meta property=\"og:description\" content=\"Les chambres sont divis\u00e9es en : 1 suite de 70 m\u00b2 (deux suites Junior communicantes avec double salle de bain) ; 17 suites Junior spacieuses (33 m\u00b2), meubl\u00e9es dans un style et avec un parquet, toutes \u00e9quip\u00e9es d\u2019un service avec baignoire et douche s\u00e9par\u00e9es (certaines avec hydromassage) ; 17 chambres Ex\u00e9cutives avec la m\u00eame superficie que les suites Junior et avec les m\u00eames services, mais qui se diff\u00e9rencient par une ligne d\u2019ameublement plus moderne ; 12 villas Sup\u00e9rieures (dans la villa originale de la fin du XIXe si\u00e8cle), spacieuses et confortables, meubl\u00e9es dans un style et avec salle de bain priv\u00e9e et douche ; 35 chambres Confortables et 13 chambres Classiques simples avec un lit \u00e0 la fran\u00e7aise.  Vous pouvez ainsi d\u00e9couvrir le plaisir de l\u2019intimit\u00e9 la plus absolue dans le silence ouat\u00e9 de votre chambre, ou vous immerger dans les sensations chaudes qu\u2019une de nos chambres peut vous procurer lorsque vous choisissez votre oreiller ou que vous vous choyez avec notre kit de courtoisie. Nous avons accord\u00e9 une grande attention au confort de vie des chambres, con\u00e7ues comme des espaces rassembl\u00e9s pour se d\u00e9tendre, oublier le stress et red\u00e9couvrir des rythmes de vie harmonieux et naturels\" \/>\n<meta property=\"og:url\" content=\"https:\/\/www.hotelbolognese.com\/fr\/chambres-et-suites\/\" \/>\n<meta property=\"og:site_name\" content=\"Villa Pace Park Hotel Bolognese\" \/>\n<meta property=\"article:modified_time\" content=\"2024-02-05T09:37:17+00:00\" \/>\n<meta name=\"twitter:card\" content=\"summary_large_image\" \/>\n<meta name=\"twitter:label1\" content=\"Dur\u00e9e de lecture estim\u00e9e\" \/>\n\t<meta name=\"twitter:data1\" content=\"1 minute\" \/>\n<script type=\"application\/ld+json\" class=\"yoast-schema-graph\">{\"@context\":\"https:\/\/schema.org\",\"@graph\":[{\"@type\":\"WebPage\",\"@id\":\"https:\/\/www.hotelbolognese.com\/fr\/chambres-et-suites\/\",\"url\":\"https:\/\/www.hotelbolognese.com\/fr\/chambres-et-suites\/\",\"name\":\"Chambres et Suites - Villa Pace Park Hotel Bolognese -\",\"isPartOf\":{\"@id\":\"https:\/\/www.hotelbolognese.com\/fr\/#website\"},\"datePublished\":\"2023-11-16T16:42:28+00:00\",\"dateModified\":\"2024-02-05T09:37:17+00:00\",\"description\":\"Les chambres sont divis\u00e9es en : 1 suite de 70 m\u00b2 (deux suites Junior communicantes avec double salle de bain) ; 17 suites Junior spacieuses (33 m\u00b2), meubl\u00e9es dans un style et avec un parquet, toutes \u00e9quip\u00e9es d\u2019un service avec baignoire et douche s\u00e9par\u00e9es (certaines avec hydromassage) ; 17 chambres Ex\u00e9cutives avec la m\u00eame superficie que les suites Junior et avec les m\u00eames services, mais qui se diff\u00e9rencient par une ligne d\u2019ameublement plus moderne ; 12 villas Sup\u00e9rieures (dans la villa originale de la fin du XIXe si\u00e8cle), spacieuses et confortables, meubl\u00e9es dans un style et avec salle de bain priv\u00e9e et douche ; 35 chambres Confortables et 13 chambres Classiques simples avec un lit \u00e0 la fran\u00e7aise. Vous pouvez ainsi d\u00e9couvrir le plaisir de l\u2019intimit\u00e9 la plus absolue dans le silence ouat\u00e9 de votre chambre, ou vous immerger dans les sensations chaudes qu\u2019une de nos chambres peut vous procurer lorsque vous choisissez votre oreiller ou que vous vous choyez avec notre kit de courtoisie. Nous avons accord\u00e9 une grande attention au confort de vie des chambres, con\u00e7ues comme des espaces rassembl\u00e9s pour se d\u00e9tendre, oublier le stress et red\u00e9couvrir des rythmes de vie harmonieux et naturels\",\"breadcrumb\":{\"@id\":\"https:\/\/www.hotelbolognese.com\/fr\/chambres-et-suites\/#breadcrumb\"},\"inLanguage\":\"fr-FR\",\"potentialAction\":[{\"@type\":\"ReadAction\",\"target\":[\"https:\/\/www.hotelbolognese.com\/fr\/chambres-et-suites\/\"]}]},{\"@type\":\"BreadcrumbList\",\"@id\":\"https:\/\/www.hotelbolognese.com\/fr\/chambres-et-suites\/#breadcrumb\",\"itemListElement\":[{\"@type\":\"ListItem\",\"position\":1,\"name\":\"Home\",\"item\":\"https:\/\/www.hotelbolognese.com\/fr\/\"},{\"@type\":\"ListItem\",\"position\":2,\"name\":\"Chambres et Suites\"}]},{\"@type\":\"WebSite\",\"@id\":\"https:\/\/www.hotelbolognese.com\/fr\/#website\",\"url\":\"https:\/\/www.hotelbolognese.com\/fr\/\",\"name\":\"Villa Pace Park Hotel Bolognese\",\"description\":\"\",\"potentialAction\":[{\"@type\":\"SearchAction\",\"target\":{\"@type\":\"EntryPoint\",\"urlTemplate\":\"https:\/\/www.hotelbolognese.com\/fr\/?s={search_term_string}\"},\"query-input\":\"required name=search_term_string\"}],\"inLanguage\":\"fr-FR\"}]}<\/script>\n<!-- \/ Yoast SEO plugin. -->","yoast_head_json":{"title":"Chambres et Suites - Villa Pace Park Hotel Bolognese -","description":"Les chambres sont divis\u00e9es en : 1 suite de 70 m\u00b2 (deux suites Junior communicantes avec double salle de bain) ; 17 suites Junior spacieuses (33 m\u00b2), meubl\u00e9es dans un style et avec un parquet, toutes \u00e9quip\u00e9es d\u2019un service avec baignoire et douche s\u00e9par\u00e9es (certaines avec hydromassage) ; 17 chambres Ex\u00e9cutives avec la m\u00eame superficie que les suites Junior et avec les m\u00eames services, mais qui se diff\u00e9rencient par une ligne d\u2019ameublement plus moderne ; 12 villas Sup\u00e9rieures (dans la villa originale de la fin du XIXe si\u00e8cle), spacieuses et confortables, meubl\u00e9es dans un style et avec salle de bain priv\u00e9e et douche ; 35 chambres Confortables et 13 chambres Classiques simples avec un lit \u00e0 la fran\u00e7aise.  Vous pouvez ainsi d\u00e9couvrir le plaisir de l\u2019intimit\u00e9 la plus absolue dans le silence ouat\u00e9 de votre chambre, ou vous immerger dans les sensations chaudes qu\u2019une de nos chambres peut vous procurer lorsque vous choisissez votre oreiller ou que vous vous choyez avec notre kit de courtoisie. Nous avons accord\u00e9 une grande attention au confort de vie des chambres, con\u00e7ues comme des espaces rassembl\u00e9s pour se d\u00e9tendre, oublier le stress et red\u00e9couvrir des rythmes de vie harmonieux et naturels","robots":{"index":"index","follow":"follow","max-snippet":"max-snippet:-1","max-image-preview":"max-image-preview:large","max-video-preview":"max-video-preview:-1"},"canonical":"https:\/\/www.hotelbolognese.com\/fr\/chambres-et-suites\/","og_locale":"fr_FR","og_type":"article","og_title":"Chambres et Suites - Villa Pace Park Hotel Bolognese -","og_description":"Les chambres sont divis\u00e9es en : 1 suite de 70 m\u00b2 (deux suites Junior communicantes avec double salle de bain) ; 17 suites Junior spacieuses (33 m\u00b2), meubl\u00e9es dans un style et avec un parquet, toutes \u00e9quip\u00e9es d\u2019un service avec baignoire et douche s\u00e9par\u00e9es (certaines avec hydromassage) ; 17 chambres Ex\u00e9cutives avec la m\u00eame superficie que les suites Junior et avec les m\u00eames services, mais qui se diff\u00e9rencient par une ligne d\u2019ameublement plus moderne ; 12 villas Sup\u00e9rieures (dans la villa originale de la fin du XIXe si\u00e8cle), spacieuses et confortables, meubl\u00e9es dans un style et avec salle de bain priv\u00e9e et douche ; 35 chambres Confortables et 13 chambres Classiques simples avec un lit \u00e0 la fran\u00e7aise.  Vous pouvez ainsi d\u00e9couvrir le plaisir de l\u2019intimit\u00e9 la plus absolue dans le silence ouat\u00e9 de votre chambre, ou vous immerger dans les sensations chaudes qu\u2019une de nos chambres peut vous procurer lorsque vous choisissez votre oreiller ou que vous vous choyez avec notre kit de courtoisie. Nous avons accord\u00e9 une grande attention au confort de vie des chambres, con\u00e7ues comme des espaces rassembl\u00e9s pour se d\u00e9tendre, oublier le stress et red\u00e9couvrir des rythmes de vie harmonieux et naturels","og_url":"https:\/\/www.hotelbolognese.com\/fr\/chambres-et-suites\/","og_site_name":"Villa Pace Park Hotel Bolognese","article_modified_time":"2024-02-05T09:37:17+00:00","twitter_card":"summary_large_image","twitter_misc":{"Dur\u00e9e de lecture estim\u00e9e":"1 minute"},"schema":{"@context":"https:\/\/schema.org","@graph":[{"@type":"WebPage","@id":"https:\/\/www.hotelbolognese.com\/fr\/chambres-et-suites\/","url":"https:\/\/www.hotelbolognese.com\/fr\/chambres-et-suites\/","name":"Chambres et Suites - Villa Pace Park Hotel Bolognese -","isPartOf":{"@id":"https:\/\/www.hotelbolognese.com\/fr\/#website"},"datePublished":"2023-11-16T16:42:28+00:00","dateModified":"2024-02-05T09:37:17+00:00","description":"Les chambres sont divis\u00e9es en : 1 suite de 70 m\u00b2 (deux suites Junior communicantes avec double salle de bain) ; 17 suites Junior spacieuses (33 m\u00b2), meubl\u00e9es dans un style et avec un parquet, toutes \u00e9quip\u00e9es d\u2019un service avec baignoire et douche s\u00e9par\u00e9es (certaines avec hydromassage) ; 17 chambres Ex\u00e9cutives avec la m\u00eame superficie que les suites Junior et avec les m\u00eames services, mais qui se diff\u00e9rencient par une ligne d\u2019ameublement plus moderne ; 12 villas Sup\u00e9rieures (dans la villa originale de la fin du XIXe si\u00e8cle), spacieuses et confortables, meubl\u00e9es dans un style et avec salle de bain priv\u00e9e et douche ; 35 chambres Confortables et 13 chambres Classiques simples avec un lit \u00e0 la fran\u00e7aise. Vous pouvez ainsi d\u00e9couvrir le plaisir de l\u2019intimit\u00e9 la plus absolue dans le silence ouat\u00e9 de votre chambre, ou vous immerger dans les sensations chaudes qu\u2019une de nos chambres peut vous procurer lorsque vous choisissez votre oreiller ou que vous vous choyez avec notre kit de courtoisie. Nous avons accord\u00e9 une grande attention au confort de vie des chambres, con\u00e7ues comme des espaces rassembl\u00e9s pour se d\u00e9tendre, oublier le stress et red\u00e9couvrir des rythmes de vie harmonieux et naturels","breadcrumb":{"@id":"https:\/\/www.hotelbolognese.com\/fr\/chambres-et-suites\/#breadcrumb"},"inLanguage":"fr-FR","potentialAction":[{"@type":"ReadAction","target":["https:\/\/www.hotelbolognese.com\/fr\/chambres-et-suites\/"]}]},{"@type":"BreadcrumbList","@id":"https:\/\/www.hotelbolognese.com\/fr\/chambres-et-suites\/#breadcrumb","itemListElement":[{"@type":"ListItem","position":1,"name":"Home","item":"https:\/\/www.hotelbolognese.com\/fr\/"},{"@type":"ListItem","position":2,"name":"Chambres et Suites"}]},{"@type":"WebSite","@id":"https:\/\/www.hotelbolognese.com\/fr\/#website","url":"https:\/\/www.hotelbolognese.com\/fr\/","name":"Villa Pace Park Hotel Bolognese","description":"","potentialAction":[{"@type":"SearchAction","target":{"@type":"EntryPoint","urlTemplate":"https:\/\/www.hotelbolognese.com\/fr\/?s={search_term_string}"},"query-input":"required name=search_term_string"}],"inLanguage":"fr-FR"}]}},"acf":[],"_links":{"self":[{"href":"https:\/\/www.hotelbolognese.com\/fr\/wp-json\/wp\/v2\/pages\/389"}],"collection":[{"href":"https:\/\/www.hotelbolognese.com\/fr\/wp-json\/wp\/v2\/pages"}],"about":[{"href":"https:\/\/www.hotelbolognese.com\/fr\/wp-json\/wp\/v2\/types\/page"}],"author":[{"embeddable":true,"href":"https:\/\/www.hotelbolognese.com\/fr\/wp-json\/wp\/v2\/users\/7"}],"replies":[{"embeddable":true,"href":"https:\/\/www.hotelbolognese.com\/fr\/wp-json\/wp\/v2\/comments?post=389"}],"version-history":[{"count":0,"href":"https:\/\/www.hotelbolognese.com\/fr\/wp-json\/wp\/v2\/pages\/389\/revisions"}],"wp:attachment":[{"href":"https:\/\/www.hotelbolognese.com\/fr\/wp-json\/wp\/v2\/media?parent=389"}],"curies":[{"name":"wp","href":"https:\/\/api.w.org\/{rel}","templated":true}]}}