{"id":387,"date":"2023-11-15T16:34:30","date_gmt":"2023-11-15T16:34:30","guid":{"rendered":"https:\/\/www.hotelbolognese.com\/?page_id=387"},"modified":"2025-11-04T08:19:42","modified_gmt":"2025-11-04T08:19:42","slug":"villa-pace-park-hotel-bolognese","status":"publish","type":"page","link":"https:\/\/www.hotelbolognese.com\/fr\/","title":{"rendered":"Villa Pace Park Hotel Bolognese"},"content":{"rendered":"<p>En parcourant le Terraglio, une route napol\u00e9onienne, autrefois canal, puis enterr\u00e9, qui m\u00e8ne de Venise \u00e0 Tr\u00e9vise, deux choses attirent agr\u00e9ablement le regard, aujourd\u2019hui comme \u00e0 l\u2019\u00e9poque de Stendhal qui en parle dans \u00ab Voyage en Italie \u00bb : la campagne luxuriante et les tr\u00e8s belles villas patriciennes des deux c\u00f4t\u00e9s.<\/p>\n<p>Parmi les splendides r\u00e9sidences, on trouve dans une zone strat\u00e9gique Villa Pace Park Hotel Bolognese, villa de la fin du XIXe si\u00e8cle, \u00e0 seulement 4 km de la ville m\u00e9di\u00e9vale de Tr\u00e9vise entour\u00e9e de murs du XVIe si\u00e8cle. L\u2019h\u00f4tel est situ\u00e9 \u00e0 seulement 5 minutes de l\u2019a\u00e9roport de Tr\u00e9vise et \u00e0 20 minutes de l\u2019a\u00e9roport de Venise Marco Polo. Venise avec son atmosph\u00e8re magique n\u2019est qu\u2019\u00e0 vingt minutes, mais ici, on respire une atmosph\u00e8re lente, rythm\u00e9e par le parc aux arbres s\u00e9culaires, \u00e0 l\u2019environnement agr\u00e9able et relaxant capable de fournir aux clients un confort de haut niveau.<\/p>\n","protected":false},"excerpt":{"rendered":"<p>En parcourant le Terraglio, une route napol\u00e9onienne, autrefois canal, puis enterr\u00e9, qui m\u00e8ne de Venise \u00e0 Tr\u00e9vise, deux choses attirent agr\u00e9ablement le regard, aujourd\u2019hui comme \u00e0 l\u2019\u00e9poque de Stendhal qui en parle dans \u00ab Voyage en Italie \u00bb : la campagne luxuriante et les tr\u00e8s belles villas patriciennes des deux c\u00f4t\u00e9s. Parmi les splendides r\u00e9sidences, [&hellip;]<\/p>\n","protected":false},"author":7,"featured_media":0,"parent":0,"menu_order":0,"comment_status":"closed","ping_status":"closed","template":"","meta":{"footnotes":""},"class_list":["post-387","page","type-page","status-publish","hentry"],"yoast_head":"<!-- This site is optimized with the Yoast SEO plugin v27.3 - https:\/\/yoast.com\/product\/yoast-seo-wordpress\/ -->\n<title>Villa Pace Park Hotel Bolognese - Villa Pace Park Hotel Bolognese -<\/title>\n<meta name=\"description\" content=\"En parcourant le Terraglio, une route napol\u00e9onienne, autrefois canal, puis enterr\u00e9, qui m\u00e8ne de Venise \u00e0 Tr\u00e9vise, deux choses attirent agr\u00e9ablement le regard, aujourd\u2019hui comme \u00e0 l\u2019\u00e9poque de Stendhal qui en parle dans \u00ab Voyage en Italie \u00bb : la campagne luxuriante et les tr\u00e8s belles villas patriciennes des deux c\u00f4t\u00e9s.  Parmi les splendides r\u00e9sidences, on trouve dans une zone strat\u00e9gique Villa Pace Park Hotel Bolognese, villa de la fin du XIXe si\u00e8cle, \u00e0 seulement 4 km de la ville m\u00e9di\u00e9vale de Tr\u00e9vise entour\u00e9e de murs du XVIe si\u00e8cle. L\u2019h\u00f4tel est situ\u00e9 \u00e0 seulement 5 minutes de l\u2019a\u00e9roport de Tr\u00e9vise et \u00e0 20 minutes de l\u2019a\u00e9roport de Venise Marco Polo\" \/>\n<meta name=\"robots\" content=\"index, follow, max-snippet:-1, max-image-preview:large, max-video-preview:-1\" \/>\n<link rel=\"canonical\" href=\"https:\/\/www.hotelbolognese.com\/fr\/\" \/>\n<meta property=\"og:locale\" content=\"fr_FR\" \/>\n<meta property=\"og:type\" content=\"article\" \/>\n<meta property=\"og:title\" content=\"Villa Pace Park Hotel Bolognese - Villa Pace Park Hotel Bolognese -\" \/>\n<meta property=\"og:description\" content=\"En parcourant le Terraglio, une route napol\u00e9onienne, autrefois canal, puis enterr\u00e9, qui m\u00e8ne de Venise \u00e0 Tr\u00e9vise, deux choses attirent agr\u00e9ablement le regard, aujourd\u2019hui comme \u00e0 l\u2019\u00e9poque de Stendhal qui en parle dans \u00ab Voyage en Italie \u00bb : la campagne luxuriante et les tr\u00e8s belles villas patriciennes des deux c\u00f4t\u00e9s.  Parmi les splendides r\u00e9sidences, on trouve dans une zone strat\u00e9gique Villa Pace Park Hotel Bolognese, villa de la fin du XIXe si\u00e8cle, \u00e0 seulement 4 km de la ville m\u00e9di\u00e9vale de Tr\u00e9vise entour\u00e9e de murs du XVIe si\u00e8cle. L\u2019h\u00f4tel est situ\u00e9 \u00e0 seulement 5 minutes de l\u2019a\u00e9roport de Tr\u00e9vise et \u00e0 20 minutes de l\u2019a\u00e9roport de Venise Marco Polo\" \/>\n<meta property=\"og:url\" content=\"https:\/\/www.hotelbolognese.com\/fr\/\" \/>\n<meta property=\"og:site_name\" content=\"Villa Pace Park Hotel Bolognese\" \/>\n<meta property=\"article:modified_time\" content=\"2025-11-04T08:19:42+00:00\" \/>\n<meta name=\"twitter:card\" content=\"summary_large_image\" \/>\n<meta name=\"twitter:label1\" content=\"Dur\u00e9e de lecture estim\u00e9e\" \/>\n\t<meta name=\"twitter:data1\" content=\"1 minute\" \/>\n<script type=\"application\/ld+json\" class=\"yoast-schema-graph\">{\"@context\":\"https:\\\/\\\/schema.org\",\"@graph\":[{\"@type\":\"WebPage\",\"@id\":\"https:\\\/\\\/www.hotelbolognese.com\\\/fr\\\/\",\"url\":\"https:\\\/\\\/www.hotelbolognese.com\\\/fr\\\/\",\"name\":\"Villa Pace Park Hotel Bolognese - Villa Pace Park Hotel Bolognese -\",\"isPartOf\":{\"@id\":\"https:\\\/\\\/www.hotelbolognese.com\\\/fr\\\/#website\"},\"datePublished\":\"2023-11-15T16:34:30+00:00\",\"dateModified\":\"2025-11-04T08:19:42+00:00\",\"description\":\"En parcourant le Terraglio, une route napol\u00e9onienne, autrefois canal, puis enterr\u00e9, qui m\u00e8ne de Venise \u00e0 Tr\u00e9vise, deux choses attirent agr\u00e9ablement le regard, aujourd\u2019hui comme \u00e0 l\u2019\u00e9poque de Stendhal qui en parle dans \u00ab Voyage en Italie \u00bb : la campagne luxuriante et les tr\u00e8s belles villas patriciennes des deux c\u00f4t\u00e9s. Parmi les splendides r\u00e9sidences, on trouve dans une zone strat\u00e9gique Villa Pace Park Hotel Bolognese, villa de la fin du XIXe si\u00e8cle, \u00e0 seulement 4 km de la ville m\u00e9di\u00e9vale de Tr\u00e9vise entour\u00e9e de murs du XVIe si\u00e8cle. L\u2019h\u00f4tel est situ\u00e9 \u00e0 seulement 5 minutes de l\u2019a\u00e9roport de Tr\u00e9vise et \u00e0 20 minutes de l\u2019a\u00e9roport de Venise Marco Polo\",\"breadcrumb\":{\"@id\":\"https:\\\/\\\/www.hotelbolognese.com\\\/fr\\\/#breadcrumb\"},\"inLanguage\":\"fr-FR\",\"potentialAction\":[{\"@type\":\"ReadAction\",\"target\":[\"https:\\\/\\\/www.hotelbolognese.com\\\/fr\\\/\"]}]},{\"@type\":\"BreadcrumbList\",\"@id\":\"https:\\\/\\\/www.hotelbolognese.com\\\/fr\\\/#breadcrumb\",\"itemListElement\":[{\"@type\":\"ListItem\",\"position\":1,\"name\":\"Home\",\"item\":\"https:\\\/\\\/www.hotelbolognese.com\\\/fr\\\/\"},{\"@type\":\"ListItem\",\"position\":2,\"name\":\"Villa Pace Park Hotel Bolognese\"}]},{\"@type\":\"WebSite\",\"@id\":\"https:\\\/\\\/www.hotelbolognese.com\\\/fr\\\/#website\",\"url\":\"https:\\\/\\\/www.hotelbolognese.com\\\/fr\\\/\",\"name\":\"Villa Pace Park Hotel Bolognese\",\"description\":\"\",\"potentialAction\":[{\"@type\":\"SearchAction\",\"target\":{\"@type\":\"EntryPoint\",\"urlTemplate\":\"https:\\\/\\\/www.hotelbolognese.com\\\/fr\\\/?s={search_term_string}\"},\"query-input\":{\"@type\":\"PropertyValueSpecification\",\"valueRequired\":true,\"valueName\":\"search_term_string\"}}],\"inLanguage\":\"fr-FR\"}]}<\/script>\n<!-- \/ Yoast SEO plugin. -->","yoast_head_json":{"title":"Villa Pace Park Hotel Bolognese - Villa Pace Park Hotel Bolognese -","description":"En parcourant le Terraglio, une route napol\u00e9onienne, autrefois canal, puis enterr\u00e9, qui m\u00e8ne de Venise \u00e0 Tr\u00e9vise, deux choses attirent agr\u00e9ablement le regard, aujourd\u2019hui comme \u00e0 l\u2019\u00e9poque de Stendhal qui en parle dans \u00ab Voyage en Italie \u00bb : la campagne luxuriante et les tr\u00e8s belles villas patriciennes des deux c\u00f4t\u00e9s.  Parmi les splendides r\u00e9sidences, on trouve dans une zone strat\u00e9gique Villa Pace Park Hotel Bolognese, villa de la fin du XIXe si\u00e8cle, \u00e0 seulement 4 km de la ville m\u00e9di\u00e9vale de Tr\u00e9vise entour\u00e9e de murs du XVIe si\u00e8cle. L\u2019h\u00f4tel est situ\u00e9 \u00e0 seulement 5 minutes de l\u2019a\u00e9roport de Tr\u00e9vise et \u00e0 20 minutes de l\u2019a\u00e9roport de Venise Marco Polo","robots":{"index":"index","follow":"follow","max-snippet":"max-snippet:-1","max-image-preview":"max-image-preview:large","max-video-preview":"max-video-preview:-1"},"canonical":"https:\/\/www.hotelbolognese.com\/fr\/","og_locale":"fr_FR","og_type":"article","og_title":"Villa Pace Park Hotel Bolognese - Villa Pace Park Hotel Bolognese -","og_description":"En parcourant le Terraglio, une route napol\u00e9onienne, autrefois canal, puis enterr\u00e9, qui m\u00e8ne de Venise \u00e0 Tr\u00e9vise, deux choses attirent agr\u00e9ablement le regard, aujourd\u2019hui comme \u00e0 l\u2019\u00e9poque de Stendhal qui en parle dans \u00ab Voyage en Italie \u00bb : la campagne luxuriante et les tr\u00e8s belles villas patriciennes des deux c\u00f4t\u00e9s.  Parmi les splendides r\u00e9sidences, on trouve dans une zone strat\u00e9gique Villa Pace Park Hotel Bolognese, villa de la fin du XIXe si\u00e8cle, \u00e0 seulement 4 km de la ville m\u00e9di\u00e9vale de Tr\u00e9vise entour\u00e9e de murs du XVIe si\u00e8cle. L\u2019h\u00f4tel est situ\u00e9 \u00e0 seulement 5 minutes de l\u2019a\u00e9roport de Tr\u00e9vise et \u00e0 20 minutes de l\u2019a\u00e9roport de Venise Marco Polo","og_url":"https:\/\/www.hotelbolognese.com\/fr\/","og_site_name":"Villa Pace Park Hotel Bolognese","article_modified_time":"2025-11-04T08:19:42+00:00","twitter_card":"summary_large_image","twitter_misc":{"Dur\u00e9e de lecture estim\u00e9e":"1 minute"},"schema":{"@context":"https:\/\/schema.org","@graph":[{"@type":"WebPage","@id":"https:\/\/www.hotelbolognese.com\/fr\/","url":"https:\/\/www.hotelbolognese.com\/fr\/","name":"Villa Pace Park Hotel Bolognese - Villa Pace Park Hotel Bolognese -","isPartOf":{"@id":"https:\/\/www.hotelbolognese.com\/fr\/#website"},"datePublished":"2023-11-15T16:34:30+00:00","dateModified":"2025-11-04T08:19:42+00:00","description":"En parcourant le Terraglio, une route napol\u00e9onienne, autrefois canal, puis enterr\u00e9, qui m\u00e8ne de Venise \u00e0 Tr\u00e9vise, deux choses attirent agr\u00e9ablement le regard, aujourd\u2019hui comme \u00e0 l\u2019\u00e9poque de Stendhal qui en parle dans \u00ab Voyage en Italie \u00bb : la campagne luxuriante et les tr\u00e8s belles villas patriciennes des deux c\u00f4t\u00e9s. Parmi les splendides r\u00e9sidences, on trouve dans une zone strat\u00e9gique Villa Pace Park Hotel Bolognese, villa de la fin du XIXe si\u00e8cle, \u00e0 seulement 4 km de la ville m\u00e9di\u00e9vale de Tr\u00e9vise entour\u00e9e de murs du XVIe si\u00e8cle. L\u2019h\u00f4tel est situ\u00e9 \u00e0 seulement 5 minutes de l\u2019a\u00e9roport de Tr\u00e9vise et \u00e0 20 minutes de l\u2019a\u00e9roport de Venise Marco Polo","breadcrumb":{"@id":"https:\/\/www.hotelbolognese.com\/fr\/#breadcrumb"},"inLanguage":"fr-FR","potentialAction":[{"@type":"ReadAction","target":["https:\/\/www.hotelbolognese.com\/fr\/"]}]},{"@type":"BreadcrumbList","@id":"https:\/\/www.hotelbolognese.com\/fr\/#breadcrumb","itemListElement":[{"@type":"ListItem","position":1,"name":"Home","item":"https:\/\/www.hotelbolognese.com\/fr\/"},{"@type":"ListItem","position":2,"name":"Villa Pace Park Hotel Bolognese"}]},{"@type":"WebSite","@id":"https:\/\/www.hotelbolognese.com\/fr\/#website","url":"https:\/\/www.hotelbolognese.com\/fr\/","name":"Villa Pace Park Hotel Bolognese","description":"","potentialAction":[{"@type":"SearchAction","target":{"@type":"EntryPoint","urlTemplate":"https:\/\/www.hotelbolognese.com\/fr\/?s={search_term_string}"},"query-input":{"@type":"PropertyValueSpecification","valueRequired":true,"valueName":"search_term_string"}}],"inLanguage":"fr-FR"}]}},"acf":[],"_links":{"self":[{"href":"https:\/\/www.hotelbolognese.com\/fr\/wp-json\/wp\/v2\/pages\/387","targetHints":{"allow":["GET"]}}],"collection":[{"href":"https:\/\/www.hotelbolognese.com\/fr\/wp-json\/wp\/v2\/pages"}],"about":[{"href":"https:\/\/www.hotelbolognese.com\/fr\/wp-json\/wp\/v2\/types\/page"}],"author":[{"embeddable":true,"href":"https:\/\/www.hotelbolognese.com\/fr\/wp-json\/wp\/v2\/users\/7"}],"replies":[{"embeddable":true,"href":"https:\/\/www.hotelbolognese.com\/fr\/wp-json\/wp\/v2\/comments?post=387"}],"version-history":[{"count":0,"href":"https:\/\/www.hotelbolognese.com\/fr\/wp-json\/wp\/v2\/pages\/387\/revisions"}],"wp:attachment":[{"href":"https:\/\/www.hotelbolognese.com\/fr\/wp-json\/wp\/v2\/media?parent=387"}],"curies":[{"name":"wp","href":"https:\/\/api.w.org\/{rel}","templated":true}]}}