{"id":435,"date":"2023-12-19T10:37:09","date_gmt":"2023-12-19T10:37:09","guid":{"rendered":"https:\/\/www.hotelbolognese.com\/?page_id=435"},"modified":"2024-02-05T15:35:19","modified_gmt":"2024-02-05T15:35:19","slug":"park","status":"publish","type":"page","link":"https:\/\/www.hotelbolognese.com\/de\/serviceleistungen\/park\/","title":{"rendered":"Park"},"content":{"rendered":"<p>Das Anwesen zeichnet sich durch den wundersch\u00f6nen Park mit jahrhundertealten B\u00e4umen vor der Villa aus, der sich ideal f\u00fcr Momente der Entspannung, Aperitifs, Abendessen, Partys, Bankette und Veranstaltungen eignet. Ein malerischer Panoramatunnel mitten im Gr\u00fcnen mit sichtbaren Balken und Fensterfassaden verbindet die verschiedenen Geb\u00e4ude.<\/p>\n","protected":false},"excerpt":{"rendered":"<p>Das Anwesen zeichnet sich durch den wundersch\u00f6nen Park mit jahrhundertealten B\u00e4umen vor der Villa aus, der sich ideal f\u00fcr Momente der Entspannung, Aperitifs, Abendessen, Partys, Bankette und Veranstaltungen eignet. Ein malerischer Panoramatunnel mitten im Gr\u00fcnen mit sichtbaren Balken und Fensterfassaden verbindet die verschiedenen Geb\u00e4ude.<\/p>\n","protected":false},"author":7,"featured_media":0,"parent":428,"menu_order":12,"comment_status":"closed","ping_status":"closed","template":"","meta":{"footnotes":""},"class_list":["post-435","page","type-page","status-publish","hentry"],"yoast_head":"<!-- This site is optimized with the Yoast SEO plugin v27.3 - https:\/\/yoast.com\/product\/yoast-seo-wordpress\/ -->\n<title>Park - Villa Pace Park Hotel Bolognese -<\/title>\n<meta name=\"description\" content=\"Das Anwesen zeichnet sich durch den wundersch\u00f6nen Park mit jahrhundertealten B\u00e4umen vor der Villa aus, der sich ideal f\u00fcr Momente der Entspannung, Aperitifs, Abendessen, Partys, Bankette und Veranstaltungen eignet. Ein malerischer Panoramatunnel mitten im Gr\u00fcnen mit sichtbaren Balken und Fensterfassaden verbindet die verschiedenen Geb\u00e4ude.\" \/>\n<meta name=\"robots\" content=\"index, follow, max-snippet:-1, max-image-preview:large, max-video-preview:-1\" \/>\n<link rel=\"canonical\" href=\"https:\/\/www.hotelbolognese.com\/de\/serviceleistungen\/park\/\" \/>\n<meta property=\"og:locale\" content=\"de_DE\" \/>\n<meta property=\"og:type\" content=\"article\" \/>\n<meta property=\"og:title\" content=\"Park - Villa Pace Park Hotel Bolognese -\" \/>\n<meta property=\"og:description\" content=\"Das Anwesen zeichnet sich durch den wundersch\u00f6nen Park mit jahrhundertealten B\u00e4umen vor der Villa aus, der sich ideal f\u00fcr Momente der Entspannung, Aperitifs, Abendessen, Partys, Bankette und Veranstaltungen eignet. Ein malerischer Panoramatunnel mitten im Gr\u00fcnen mit sichtbaren Balken und Fensterfassaden verbindet die verschiedenen Geb\u00e4ude.\" \/>\n<meta property=\"og:url\" content=\"https:\/\/www.hotelbolognese.com\/de\/serviceleistungen\/park\/\" \/>\n<meta property=\"og:site_name\" content=\"Villa Pace Park Hotel Bolognese\" \/>\n<meta property=\"article:modified_time\" content=\"2024-02-05T15:35:19+00:00\" \/>\n<meta name=\"twitter:card\" content=\"summary_large_image\" \/>\n<script type=\"application\/ld+json\" class=\"yoast-schema-graph\">{\"@context\":\"https:\\\/\\\/schema.org\",\"@graph\":[{\"@type\":\"WebPage\",\"@id\":\"https:\\\/\\\/www.hotelbolognese.com\\\/de\\\/serviceleistungen\\\/park\\\/\",\"url\":\"https:\\\/\\\/www.hotelbolognese.com\\\/de\\\/serviceleistungen\\\/park\\\/\",\"name\":\"Park - Villa Pace Park Hotel Bolognese -\",\"isPartOf\":{\"@id\":\"https:\\\/\\\/www.hotelbolognese.com\\\/de\\\/#website\"},\"datePublished\":\"2023-12-19T10:37:09+00:00\",\"dateModified\":\"2024-02-05T15:35:19+00:00\",\"description\":\"Das Anwesen zeichnet sich durch den wundersch\u00f6nen Park mit jahrhundertealten B\u00e4umen vor der Villa aus, der sich ideal f\u00fcr Momente der Entspannung, Aperitifs, Abendessen, Partys, Bankette und Veranstaltungen eignet. Ein malerischer Panoramatunnel mitten im Gr\u00fcnen mit sichtbaren Balken und Fensterfassaden verbindet die verschiedenen Geb\u00e4ude.\",\"breadcrumb\":{\"@id\":\"https:\\\/\\\/www.hotelbolognese.com\\\/de\\\/serviceleistungen\\\/park\\\/#breadcrumb\"},\"inLanguage\":\"de-DE\",\"potentialAction\":[{\"@type\":\"ReadAction\",\"target\":[\"https:\\\/\\\/www.hotelbolognese.com\\\/de\\\/serviceleistungen\\\/park\\\/\"]}]},{\"@type\":\"BreadcrumbList\",\"@id\":\"https:\\\/\\\/www.hotelbolognese.com\\\/de\\\/serviceleistungen\\\/park\\\/#breadcrumb\",\"itemListElement\":[{\"@type\":\"ListItem\",\"position\":1,\"name\":\"Home\",\"item\":\"https:\\\/\\\/www.hotelbolognese.com\\\/de\\\/\"},{\"@type\":\"ListItem\",\"position\":2,\"name\":\"Serviceleistungen\",\"item\":\"https:\\\/\\\/www.hotelbolognese.com\\\/de\\\/serviceleistungen\\\/\"},{\"@type\":\"ListItem\",\"position\":3,\"name\":\"Park\"}]},{\"@type\":\"WebSite\",\"@id\":\"https:\\\/\\\/www.hotelbolognese.com\\\/de\\\/#website\",\"url\":\"https:\\\/\\\/www.hotelbolognese.com\\\/de\\\/\",\"name\":\"Villa Pace Park Hotel Bolognese\",\"description\":\"\",\"potentialAction\":[{\"@type\":\"SearchAction\",\"target\":{\"@type\":\"EntryPoint\",\"urlTemplate\":\"https:\\\/\\\/www.hotelbolognese.com\\\/de\\\/?s={search_term_string}\"},\"query-input\":{\"@type\":\"PropertyValueSpecification\",\"valueRequired\":true,\"valueName\":\"search_term_string\"}}],\"inLanguage\":\"de-DE\"}]}<\/script>\n<!-- \/ Yoast SEO plugin. -->","yoast_head_json":{"title":"Park - Villa Pace Park Hotel Bolognese -","description":"Das Anwesen zeichnet sich durch den wundersch\u00f6nen Park mit jahrhundertealten B\u00e4umen vor der Villa aus, der sich ideal f\u00fcr Momente der Entspannung, Aperitifs, Abendessen, Partys, Bankette und Veranstaltungen eignet. Ein malerischer Panoramatunnel mitten im Gr\u00fcnen mit sichtbaren Balken und Fensterfassaden verbindet die verschiedenen Geb\u00e4ude.","robots":{"index":"index","follow":"follow","max-snippet":"max-snippet:-1","max-image-preview":"max-image-preview:large","max-video-preview":"max-video-preview:-1"},"canonical":"https:\/\/www.hotelbolognese.com\/de\/serviceleistungen\/park\/","og_locale":"de_DE","og_type":"article","og_title":"Park - Villa Pace Park Hotel Bolognese -","og_description":"Das Anwesen zeichnet sich durch den wundersch\u00f6nen Park mit jahrhundertealten B\u00e4umen vor der Villa aus, der sich ideal f\u00fcr Momente der Entspannung, Aperitifs, Abendessen, Partys, Bankette und Veranstaltungen eignet. Ein malerischer Panoramatunnel mitten im Gr\u00fcnen mit sichtbaren Balken und Fensterfassaden verbindet die verschiedenen Geb\u00e4ude.","og_url":"https:\/\/www.hotelbolognese.com\/de\/serviceleistungen\/park\/","og_site_name":"Villa Pace Park Hotel Bolognese","article_modified_time":"2024-02-05T15:35:19+00:00","twitter_card":"summary_large_image","schema":{"@context":"https:\/\/schema.org","@graph":[{"@type":"WebPage","@id":"https:\/\/www.hotelbolognese.com\/de\/serviceleistungen\/park\/","url":"https:\/\/www.hotelbolognese.com\/de\/serviceleistungen\/park\/","name":"Park - Villa Pace Park Hotel Bolognese -","isPartOf":{"@id":"https:\/\/www.hotelbolognese.com\/de\/#website"},"datePublished":"2023-12-19T10:37:09+00:00","dateModified":"2024-02-05T15:35:19+00:00","description":"Das Anwesen zeichnet sich durch den wundersch\u00f6nen Park mit jahrhundertealten B\u00e4umen vor der Villa aus, der sich ideal f\u00fcr Momente der Entspannung, Aperitifs, Abendessen, Partys, Bankette und Veranstaltungen eignet. Ein malerischer Panoramatunnel mitten im Gr\u00fcnen mit sichtbaren Balken und Fensterfassaden verbindet die verschiedenen Geb\u00e4ude.","breadcrumb":{"@id":"https:\/\/www.hotelbolognese.com\/de\/serviceleistungen\/park\/#breadcrumb"},"inLanguage":"de-DE","potentialAction":[{"@type":"ReadAction","target":["https:\/\/www.hotelbolognese.com\/de\/serviceleistungen\/park\/"]}]},{"@type":"BreadcrumbList","@id":"https:\/\/www.hotelbolognese.com\/de\/serviceleistungen\/park\/#breadcrumb","itemListElement":[{"@type":"ListItem","position":1,"name":"Home","item":"https:\/\/www.hotelbolognese.com\/de\/"},{"@type":"ListItem","position":2,"name":"Serviceleistungen","item":"https:\/\/www.hotelbolognese.com\/de\/serviceleistungen\/"},{"@type":"ListItem","position":3,"name":"Park"}]},{"@type":"WebSite","@id":"https:\/\/www.hotelbolognese.com\/de\/#website","url":"https:\/\/www.hotelbolognese.com\/de\/","name":"Villa Pace Park Hotel Bolognese","description":"","potentialAction":[{"@type":"SearchAction","target":{"@type":"EntryPoint","urlTemplate":"https:\/\/www.hotelbolognese.com\/de\/?s={search_term_string}"},"query-input":{"@type":"PropertyValueSpecification","valueRequired":true,"valueName":"search_term_string"}}],"inLanguage":"de-DE"}]}},"acf":[],"_links":{"self":[{"href":"https:\/\/www.hotelbolognese.com\/de\/wp-json\/wp\/v2\/pages\/435","targetHints":{"allow":["GET"]}}],"collection":[{"href":"https:\/\/www.hotelbolognese.com\/de\/wp-json\/wp\/v2\/pages"}],"about":[{"href":"https:\/\/www.hotelbolognese.com\/de\/wp-json\/wp\/v2\/types\/page"}],"author":[{"embeddable":true,"href":"https:\/\/www.hotelbolognese.com\/de\/wp-json\/wp\/v2\/users\/7"}],"replies":[{"embeddable":true,"href":"https:\/\/www.hotelbolognese.com\/de\/wp-json\/wp\/v2\/comments?post=435"}],"version-history":[{"count":0,"href":"https:\/\/www.hotelbolognese.com\/de\/wp-json\/wp\/v2\/pages\/435\/revisions"}],"up":[{"embeddable":true,"href":"https:\/\/www.hotelbolognese.com\/de\/wp-json\/wp\/v2\/pages\/428"}],"wp:attachment":[{"href":"https:\/\/www.hotelbolognese.com\/de\/wp-json\/wp\/v2\/media?parent=435"}],"curies":[{"name":"wp","href":"https:\/\/api.w.org\/{rel}","templated":true}]}}