{"id":430,"date":"2023-11-19T10:35:24","date_gmt":"2023-11-19T10:35:24","guid":{"rendered":"https:\/\/www.hotelbolognese.com\/?page_id=430"},"modified":"2024-02-05T15:28:46","modified_gmt":"2024-02-05T15:28:46","slug":"pool","status":"publish","type":"page","link":"https:\/\/www.hotelbolognese.com\/de\/serviceleistungen\/pool\/","title":{"rendered":"Pool"},"content":{"rendered":"<p>Den G\u00e4sten steht ein <strong>wundersch\u00f6ner und malerischer 25 m langer Au\u00dfenpool im Park<\/strong> zur Verf\u00fcgung, der in der Regel von Mai bis Oktober ge\u00f6ffnet ist, sowie ein <strong>Ruhebereich<\/strong> mit Sauna, t\u00fcrkischem Bad und Teestube. Der Raum kann f\u00fcr Cocktails, Aperitifs, Kaffeepausen, Partys und Veranstaltungen genutzt werden.<\/p>\n<p>Der Pool bietet dank der Panoramafenster einen wundervollen Ausblick auf die Natur und den Garten und auf der Sonnenterrasse im Freien k\u00f6nnen unsere G\u00e4ste entspannende Stunden mitten in der Natur verbringen und die Ruhe genie\u00dfen.<\/p>\n","protected":false},"excerpt":{"rendered":"<p>Den G\u00e4sten steht ein wundersch\u00f6ner und malerischer 25 m langer Au\u00dfenpool im Park zur Verf\u00fcgung, der in der Regel von Mai bis Oktober ge\u00f6ffnet ist, sowie ein Ruhebereich mit Sauna, t\u00fcrkischem Bad und Teestube. Der Raum kann f\u00fcr Cocktails, Aperitifs, Kaffeepausen, Partys und Veranstaltungen genutzt werden. Der Pool bietet dank der Panoramafenster einen wundervollen Ausblick [&hellip;]<\/p>\n","protected":false},"author":7,"featured_media":0,"parent":428,"menu_order":10,"comment_status":"closed","ping_status":"closed","template":"","meta":{"footnotes":""},"class_list":["post-430","page","type-page","status-publish","hentry"],"yoast_head":"<!-- This site is optimized with the Yoast SEO plugin v27.3 - https:\/\/yoast.com\/product\/yoast-seo-wordpress\/ -->\n<title>Pool - Villa Pace Park Hotel Bolognese -<\/title>\n<meta name=\"description\" content=\"Den G\u00e4sten steht ein wundersch\u00f6ner und malerischer 25 m langer Au\u00dfenpool im Park zur Verf\u00fcgung, der in der Regel von Mai bis Oktober ge\u00f6ffnet ist, sowie ein Ruhebereich mit Sauna, t\u00fcrkischem Bad und Teestube. Der Raum kann f\u00fcr Cocktails, Aperitifs, Kaffeepausen, Partys und Veranstaltungen genutzt werden.  Der Pool bietet dank der Panoramafenster einen wundervollen Ausblick auf die Natur und den Garten und auf der Sonnenterrasse im Freien k\u00f6nnen unsere G\u00e4ste entspannende Stunden mitten in der Natur verbringen und die Ruhe genie\u00dfen.\" \/>\n<meta name=\"robots\" content=\"noindex, nofollow\" \/>\n<meta property=\"og:locale\" content=\"de_DE\" \/>\n<meta property=\"og:type\" content=\"article\" \/>\n<meta property=\"og:title\" content=\"Pool - Villa Pace Park Hotel Bolognese -\" \/>\n<meta property=\"og:description\" content=\"Den G\u00e4sten steht ein wundersch\u00f6ner und malerischer 25 m langer Au\u00dfenpool im Park zur Verf\u00fcgung, der in der Regel von Mai bis Oktober ge\u00f6ffnet ist, sowie ein Ruhebereich mit Sauna, t\u00fcrkischem Bad und Teestube. Der Raum kann f\u00fcr Cocktails, Aperitifs, Kaffeepausen, Partys und Veranstaltungen genutzt werden.  Der Pool bietet dank der Panoramafenster einen wundervollen Ausblick auf die Natur und den Garten und auf der Sonnenterrasse im Freien k\u00f6nnen unsere G\u00e4ste entspannende Stunden mitten in der Natur verbringen und die Ruhe genie\u00dfen.\" \/>\n<meta property=\"og:url\" content=\"https:\/\/www.hotelbolognese.com\/de\/serviceleistungen\/pool\/\" \/>\n<meta property=\"og:site_name\" content=\"Villa Pace Park Hotel Bolognese\" \/>\n<meta property=\"article:modified_time\" content=\"2024-02-05T15:28:46+00:00\" \/>\n<meta name=\"twitter:card\" content=\"summary_large_image\" \/>\n<script type=\"application\/ld+json\" class=\"yoast-schema-graph\">{\"@context\":\"https:\\\/\\\/schema.org\",\"@graph\":[{\"@type\":\"WebPage\",\"@id\":\"https:\\\/\\\/www.hotelbolognese.com\\\/de\\\/serviceleistungen\\\/pool\\\/\",\"url\":\"https:\\\/\\\/www.hotelbolognese.com\\\/de\\\/serviceleistungen\\\/pool\\\/\",\"name\":\"Pool - Villa Pace Park Hotel Bolognese -\",\"isPartOf\":{\"@id\":\"https:\\\/\\\/www.hotelbolognese.com\\\/de\\\/#website\"},\"datePublished\":\"2023-11-19T10:35:24+00:00\",\"dateModified\":\"2024-02-05T15:28:46+00:00\",\"description\":\"Den G\u00e4sten steht ein wundersch\u00f6ner und malerischer 25 m langer Au\u00dfenpool im Park zur Verf\u00fcgung, der in der Regel von Mai bis Oktober ge\u00f6ffnet ist, sowie ein Ruhebereich mit Sauna, t\u00fcrkischem Bad und Teestube. Der Raum kann f\u00fcr Cocktails, Aperitifs, Kaffeepausen, Partys und Veranstaltungen genutzt werden. Der Pool bietet dank der Panoramafenster einen wundervollen Ausblick auf die Natur und den Garten und auf der Sonnenterrasse im Freien k\u00f6nnen unsere G\u00e4ste entspannende Stunden mitten in der Natur verbringen und die Ruhe genie\u00dfen.\",\"breadcrumb\":{\"@id\":\"https:\\\/\\\/www.hotelbolognese.com\\\/de\\\/serviceleistungen\\\/pool\\\/#breadcrumb\"},\"inLanguage\":\"de-DE\",\"potentialAction\":[{\"@type\":\"ReadAction\",\"target\":[\"https:\\\/\\\/www.hotelbolognese.com\\\/de\\\/serviceleistungen\\\/pool\\\/\"]}]},{\"@type\":\"BreadcrumbList\",\"@id\":\"https:\\\/\\\/www.hotelbolognese.com\\\/de\\\/serviceleistungen\\\/pool\\\/#breadcrumb\",\"itemListElement\":[{\"@type\":\"ListItem\",\"position\":1,\"name\":\"Home\",\"item\":\"https:\\\/\\\/www.hotelbolognese.com\\\/de\\\/\"},{\"@type\":\"ListItem\",\"position\":2,\"name\":\"Serviceleistungen\",\"item\":\"https:\\\/\\\/www.hotelbolognese.com\\\/de\\\/serviceleistungen\\\/\"},{\"@type\":\"ListItem\",\"position\":3,\"name\":\"Pool\"}]},{\"@type\":\"WebSite\",\"@id\":\"https:\\\/\\\/www.hotelbolognese.com\\\/de\\\/#website\",\"url\":\"https:\\\/\\\/www.hotelbolognese.com\\\/de\\\/\",\"name\":\"Villa Pace Park Hotel Bolognese\",\"description\":\"\",\"potentialAction\":[{\"@type\":\"SearchAction\",\"target\":{\"@type\":\"EntryPoint\",\"urlTemplate\":\"https:\\\/\\\/www.hotelbolognese.com\\\/de\\\/?s={search_term_string}\"},\"query-input\":{\"@type\":\"PropertyValueSpecification\",\"valueRequired\":true,\"valueName\":\"search_term_string\"}}],\"inLanguage\":\"de-DE\"}]}<\/script>\n<!-- \/ Yoast SEO plugin. -->","yoast_head_json":{"title":"Pool - Villa Pace Park Hotel Bolognese -","description":"Den G\u00e4sten steht ein wundersch\u00f6ner und malerischer 25 m langer Au\u00dfenpool im Park zur Verf\u00fcgung, der in der Regel von Mai bis Oktober ge\u00f6ffnet ist, sowie ein Ruhebereich mit Sauna, t\u00fcrkischem Bad und Teestube. Der Raum kann f\u00fcr Cocktails, Aperitifs, Kaffeepausen, Partys und Veranstaltungen genutzt werden.  Der Pool bietet dank der Panoramafenster einen wundervollen Ausblick auf die Natur und den Garten und auf der Sonnenterrasse im Freien k\u00f6nnen unsere G\u00e4ste entspannende Stunden mitten in der Natur verbringen und die Ruhe genie\u00dfen.","robots":{"index":"noindex","follow":"nofollow"},"og_locale":"de_DE","og_type":"article","og_title":"Pool - Villa Pace Park Hotel Bolognese -","og_description":"Den G\u00e4sten steht ein wundersch\u00f6ner und malerischer 25 m langer Au\u00dfenpool im Park zur Verf\u00fcgung, der in der Regel von Mai bis Oktober ge\u00f6ffnet ist, sowie ein Ruhebereich mit Sauna, t\u00fcrkischem Bad und Teestube. Der Raum kann f\u00fcr Cocktails, Aperitifs, Kaffeepausen, Partys und Veranstaltungen genutzt werden.  Der Pool bietet dank der Panoramafenster einen wundervollen Ausblick auf die Natur und den Garten und auf der Sonnenterrasse im Freien k\u00f6nnen unsere G\u00e4ste entspannende Stunden mitten in der Natur verbringen und die Ruhe genie\u00dfen.","og_url":"https:\/\/www.hotelbolognese.com\/de\/serviceleistungen\/pool\/","og_site_name":"Villa Pace Park Hotel Bolognese","article_modified_time":"2024-02-05T15:28:46+00:00","twitter_card":"summary_large_image","schema":{"@context":"https:\/\/schema.org","@graph":[{"@type":"WebPage","@id":"https:\/\/www.hotelbolognese.com\/de\/serviceleistungen\/pool\/","url":"https:\/\/www.hotelbolognese.com\/de\/serviceleistungen\/pool\/","name":"Pool - Villa Pace Park Hotel Bolognese -","isPartOf":{"@id":"https:\/\/www.hotelbolognese.com\/de\/#website"},"datePublished":"2023-11-19T10:35:24+00:00","dateModified":"2024-02-05T15:28:46+00:00","description":"Den G\u00e4sten steht ein wundersch\u00f6ner und malerischer 25 m langer Au\u00dfenpool im Park zur Verf\u00fcgung, der in der Regel von Mai bis Oktober ge\u00f6ffnet ist, sowie ein Ruhebereich mit Sauna, t\u00fcrkischem Bad und Teestube. Der Raum kann f\u00fcr Cocktails, Aperitifs, Kaffeepausen, Partys und Veranstaltungen genutzt werden. Der Pool bietet dank der Panoramafenster einen wundervollen Ausblick auf die Natur und den Garten und auf der Sonnenterrasse im Freien k\u00f6nnen unsere G\u00e4ste entspannende Stunden mitten in der Natur verbringen und die Ruhe genie\u00dfen.","breadcrumb":{"@id":"https:\/\/www.hotelbolognese.com\/de\/serviceleistungen\/pool\/#breadcrumb"},"inLanguage":"de-DE","potentialAction":[{"@type":"ReadAction","target":["https:\/\/www.hotelbolognese.com\/de\/serviceleistungen\/pool\/"]}]},{"@type":"BreadcrumbList","@id":"https:\/\/www.hotelbolognese.com\/de\/serviceleistungen\/pool\/#breadcrumb","itemListElement":[{"@type":"ListItem","position":1,"name":"Home","item":"https:\/\/www.hotelbolognese.com\/de\/"},{"@type":"ListItem","position":2,"name":"Serviceleistungen","item":"https:\/\/www.hotelbolognese.com\/de\/serviceleistungen\/"},{"@type":"ListItem","position":3,"name":"Pool"}]},{"@type":"WebSite","@id":"https:\/\/www.hotelbolognese.com\/de\/#website","url":"https:\/\/www.hotelbolognese.com\/de\/","name":"Villa Pace Park Hotel Bolognese","description":"","potentialAction":[{"@type":"SearchAction","target":{"@type":"EntryPoint","urlTemplate":"https:\/\/www.hotelbolognese.com\/de\/?s={search_term_string}"},"query-input":{"@type":"PropertyValueSpecification","valueRequired":true,"valueName":"search_term_string"}}],"inLanguage":"de-DE"}]}},"acf":[],"_links":{"self":[{"href":"https:\/\/www.hotelbolognese.com\/de\/wp-json\/wp\/v2\/pages\/430","targetHints":{"allow":["GET"]}}],"collection":[{"href":"https:\/\/www.hotelbolognese.com\/de\/wp-json\/wp\/v2\/pages"}],"about":[{"href":"https:\/\/www.hotelbolognese.com\/de\/wp-json\/wp\/v2\/types\/page"}],"author":[{"embeddable":true,"href":"https:\/\/www.hotelbolognese.com\/de\/wp-json\/wp\/v2\/users\/7"}],"replies":[{"embeddable":true,"href":"https:\/\/www.hotelbolognese.com\/de\/wp-json\/wp\/v2\/comments?post=430"}],"version-history":[{"count":0,"href":"https:\/\/www.hotelbolognese.com\/de\/wp-json\/wp\/v2\/pages\/430\/revisions"}],"up":[{"embeddable":true,"href":"https:\/\/www.hotelbolognese.com\/de\/wp-json\/wp\/v2\/pages\/428"}],"wp:attachment":[{"href":"https:\/\/www.hotelbolognese.com\/de\/wp-json\/wp\/v2\/media?parent=430"}],"curies":[{"name":"wp","href":"https:\/\/api.w.org\/{rel}","templated":true}]}}