{"id":428,"date":"2023-11-19T09:39:17","date_gmt":"2023-11-19T09:39:17","guid":{"rendered":"https:\/\/www.hotelbolognese.com\/?page_id=428"},"modified":"2024-02-05T15:19:05","modified_gmt":"2024-02-05T15:19:05","slug":"serviceleistungen","status":"publish","type":"page","link":"https:\/\/www.hotelbolognese.com\/de\/serviceleistungen\/","title":{"rendered":"Serviceleistungen"},"content":{"rendered":"<p>Das Hotel befindet sich inmitten eines 10000 m\u00b2 gro\u00dfen Parks und wurde 2018 renoviert. Es verf\u00fcgt \u00fcber 95 Zimmer, einen Ruhebereich mit Au\u00dfenpool, Sauna und Dampfbad, das renommierte Bologneser Restaurant, bekannt f\u00fcr qualitativ hochwertige traditionelle Gerichte, vier Tagungsr\u00e4ume mit Basistechnologien und zwei gro\u00dfe Parkpl\u00e4tze.<\/p>\n<p>Unser Personal steht Ihnen zur Verf\u00fcgung, um Ihren Transfer vom\/zum Flughafen Treviso oder Venedig zu organisieren. Wir erinnern Sie daran, dass das Villa Pace Park Hotel Bolognese nur 5 Minuten vom Flughafen Treviso (TSF) und 20 Minuten vom Flughafen Venedig Marco Polo (VCE) entfernt liegt.<\/p>\n","protected":false},"excerpt":{"rendered":"<p>Das Hotel befindet sich inmitten eines 10000 m\u00b2 gro\u00dfen Parks und wurde 2018 renoviert. Es verf\u00fcgt \u00fcber 95 Zimmer, einen Ruhebereich mit Au\u00dfenpool, Sauna und Dampfbad, das renommierte Bologneser Restaurant, bekannt f\u00fcr qualitativ hochwertige traditionelle Gerichte, vier Tagungsr\u00e4ume mit Basistechnologien und zwei gro\u00dfe Parkpl\u00e4tze. Unser Personal steht Ihnen zur Verf\u00fcgung, um Ihren Transfer vom\/zum Flughafen [&hellip;]<\/p>\n","protected":false},"author":7,"featured_media":0,"parent":0,"menu_order":60,"comment_status":"closed","ping_status":"closed","template":"template-default-3.php","meta":{"footnotes":""},"class_list":["post-428","page","type-page","status-publish","hentry"],"yoast_head":"<!-- This site is optimized with the Yoast SEO plugin v27.3 - https:\/\/yoast.com\/product\/yoast-seo-wordpress\/ -->\n<title>Serviceleistungen - Villa Pace Park Hotel Bolognese -<\/title>\n<meta name=\"description\" content=\"Das Hotel befindet sich inmitten eines 10000 m\u00b2 gro\u00dfen Parks und wurde 2018 renoviert. Es verf\u00fcgt \u00fcber 95 Zimmer, einen Ruhebereich mit Au\u00dfenpool, Sauna und Dampfbad, das renommierte Bologneser Restaurant, bekannt f\u00fcr qualitativ hochwertige traditionelle Gerichte, vier Tagungsr\u00e4ume mit Basistechnologien und zwei gro\u00dfe Parkpl\u00e4tze.  Unser Personal steht Ihnen zur Verf\u00fcgung, um Ihren Transfer vom\/zum Flughafen Treviso oder Venedig zu organisieren\" \/>\n<meta name=\"robots\" content=\"index, follow, max-snippet:-1, max-image-preview:large, max-video-preview:-1\" \/>\n<link rel=\"canonical\" href=\"https:\/\/www.hotelbolognese.com\/de\/serviceleistungen\/\" \/>\n<meta property=\"og:locale\" content=\"de_DE\" \/>\n<meta property=\"og:type\" content=\"article\" \/>\n<meta property=\"og:title\" content=\"Serviceleistungen - Villa Pace Park Hotel Bolognese -\" \/>\n<meta property=\"og:description\" content=\"Das Hotel befindet sich inmitten eines 10000 m\u00b2 gro\u00dfen Parks und wurde 2018 renoviert. Es verf\u00fcgt \u00fcber 95 Zimmer, einen Ruhebereich mit Au\u00dfenpool, Sauna und Dampfbad, das renommierte Bologneser Restaurant, bekannt f\u00fcr qualitativ hochwertige traditionelle Gerichte, vier Tagungsr\u00e4ume mit Basistechnologien und zwei gro\u00dfe Parkpl\u00e4tze.  Unser Personal steht Ihnen zur Verf\u00fcgung, um Ihren Transfer vom\/zum Flughafen Treviso oder Venedig zu organisieren\" \/>\n<meta property=\"og:url\" content=\"https:\/\/www.hotelbolognese.com\/de\/serviceleistungen\/\" \/>\n<meta property=\"og:site_name\" content=\"Villa Pace Park Hotel Bolognese\" \/>\n<meta property=\"article:modified_time\" content=\"2024-02-05T15:19:05+00:00\" \/>\n<meta name=\"twitter:card\" content=\"summary_large_image\" \/>\n<script type=\"application\/ld+json\" class=\"yoast-schema-graph\">{\"@context\":\"https:\\\/\\\/schema.org\",\"@graph\":[{\"@type\":\"WebPage\",\"@id\":\"https:\\\/\\\/www.hotelbolognese.com\\\/de\\\/serviceleistungen\\\/\",\"url\":\"https:\\\/\\\/www.hotelbolognese.com\\\/de\\\/serviceleistungen\\\/\",\"name\":\"Serviceleistungen - Villa Pace Park Hotel Bolognese -\",\"isPartOf\":{\"@id\":\"https:\\\/\\\/www.hotelbolognese.com\\\/de\\\/#website\"},\"datePublished\":\"2023-11-19T09:39:17+00:00\",\"dateModified\":\"2024-02-05T15:19:05+00:00\",\"description\":\"Das Hotel befindet sich inmitten eines 10000 m\u00b2 gro\u00dfen Parks und wurde 2018 renoviert. Es verf\u00fcgt \u00fcber 95 Zimmer, einen Ruhebereich mit Au\u00dfenpool, Sauna und Dampfbad, das renommierte Bologneser Restaurant, bekannt f\u00fcr qualitativ hochwertige traditionelle Gerichte, vier Tagungsr\u00e4ume mit Basistechnologien und zwei gro\u00dfe Parkpl\u00e4tze. Unser Personal steht Ihnen zur Verf\u00fcgung, um Ihren Transfer vom\\\/zum Flughafen Treviso oder Venedig zu organisieren\",\"breadcrumb\":{\"@id\":\"https:\\\/\\\/www.hotelbolognese.com\\\/de\\\/serviceleistungen\\\/#breadcrumb\"},\"inLanguage\":\"de-DE\",\"potentialAction\":[{\"@type\":\"ReadAction\",\"target\":[\"https:\\\/\\\/www.hotelbolognese.com\\\/de\\\/serviceleistungen\\\/\"]}]},{\"@type\":\"BreadcrumbList\",\"@id\":\"https:\\\/\\\/www.hotelbolognese.com\\\/de\\\/serviceleistungen\\\/#breadcrumb\",\"itemListElement\":[{\"@type\":\"ListItem\",\"position\":1,\"name\":\"Home\",\"item\":\"https:\\\/\\\/www.hotelbolognese.com\\\/de\\\/\"},{\"@type\":\"ListItem\",\"position\":2,\"name\":\"Serviceleistungen\"}]},{\"@type\":\"WebSite\",\"@id\":\"https:\\\/\\\/www.hotelbolognese.com\\\/de\\\/#website\",\"url\":\"https:\\\/\\\/www.hotelbolognese.com\\\/de\\\/\",\"name\":\"Villa Pace Park Hotel Bolognese\",\"description\":\"\",\"potentialAction\":[{\"@type\":\"SearchAction\",\"target\":{\"@type\":\"EntryPoint\",\"urlTemplate\":\"https:\\\/\\\/www.hotelbolognese.com\\\/de\\\/?s={search_term_string}\"},\"query-input\":{\"@type\":\"PropertyValueSpecification\",\"valueRequired\":true,\"valueName\":\"search_term_string\"}}],\"inLanguage\":\"de-DE\"}]}<\/script>\n<!-- \/ Yoast SEO plugin. -->","yoast_head_json":{"title":"Serviceleistungen - Villa Pace Park Hotel Bolognese -","description":"Das Hotel befindet sich inmitten eines 10000 m\u00b2 gro\u00dfen Parks und wurde 2018 renoviert. Es verf\u00fcgt \u00fcber 95 Zimmer, einen Ruhebereich mit Au\u00dfenpool, Sauna und Dampfbad, das renommierte Bologneser Restaurant, bekannt f\u00fcr qualitativ hochwertige traditionelle Gerichte, vier Tagungsr\u00e4ume mit Basistechnologien und zwei gro\u00dfe Parkpl\u00e4tze.  Unser Personal steht Ihnen zur Verf\u00fcgung, um Ihren Transfer vom\/zum Flughafen Treviso oder Venedig zu organisieren","robots":{"index":"index","follow":"follow","max-snippet":"max-snippet:-1","max-image-preview":"max-image-preview:large","max-video-preview":"max-video-preview:-1"},"canonical":"https:\/\/www.hotelbolognese.com\/de\/serviceleistungen\/","og_locale":"de_DE","og_type":"article","og_title":"Serviceleistungen - Villa Pace Park Hotel Bolognese -","og_description":"Das Hotel befindet sich inmitten eines 10000 m\u00b2 gro\u00dfen Parks und wurde 2018 renoviert. Es verf\u00fcgt \u00fcber 95 Zimmer, einen Ruhebereich mit Au\u00dfenpool, Sauna und Dampfbad, das renommierte Bologneser Restaurant, bekannt f\u00fcr qualitativ hochwertige traditionelle Gerichte, vier Tagungsr\u00e4ume mit Basistechnologien und zwei gro\u00dfe Parkpl\u00e4tze.  Unser Personal steht Ihnen zur Verf\u00fcgung, um Ihren Transfer vom\/zum Flughafen Treviso oder Venedig zu organisieren","og_url":"https:\/\/www.hotelbolognese.com\/de\/serviceleistungen\/","og_site_name":"Villa Pace Park Hotel Bolognese","article_modified_time":"2024-02-05T15:19:05+00:00","twitter_card":"summary_large_image","schema":{"@context":"https:\/\/schema.org","@graph":[{"@type":"WebPage","@id":"https:\/\/www.hotelbolognese.com\/de\/serviceleistungen\/","url":"https:\/\/www.hotelbolognese.com\/de\/serviceleistungen\/","name":"Serviceleistungen - Villa Pace Park Hotel Bolognese -","isPartOf":{"@id":"https:\/\/www.hotelbolognese.com\/de\/#website"},"datePublished":"2023-11-19T09:39:17+00:00","dateModified":"2024-02-05T15:19:05+00:00","description":"Das Hotel befindet sich inmitten eines 10000 m\u00b2 gro\u00dfen Parks und wurde 2018 renoviert. Es verf\u00fcgt \u00fcber 95 Zimmer, einen Ruhebereich mit Au\u00dfenpool, Sauna und Dampfbad, das renommierte Bologneser Restaurant, bekannt f\u00fcr qualitativ hochwertige traditionelle Gerichte, vier Tagungsr\u00e4ume mit Basistechnologien und zwei gro\u00dfe Parkpl\u00e4tze. Unser Personal steht Ihnen zur Verf\u00fcgung, um Ihren Transfer vom\/zum Flughafen Treviso oder Venedig zu organisieren","breadcrumb":{"@id":"https:\/\/www.hotelbolognese.com\/de\/serviceleistungen\/#breadcrumb"},"inLanguage":"de-DE","potentialAction":[{"@type":"ReadAction","target":["https:\/\/www.hotelbolognese.com\/de\/serviceleistungen\/"]}]},{"@type":"BreadcrumbList","@id":"https:\/\/www.hotelbolognese.com\/de\/serviceleistungen\/#breadcrumb","itemListElement":[{"@type":"ListItem","position":1,"name":"Home","item":"https:\/\/www.hotelbolognese.com\/de\/"},{"@type":"ListItem","position":2,"name":"Serviceleistungen"}]},{"@type":"WebSite","@id":"https:\/\/www.hotelbolognese.com\/de\/#website","url":"https:\/\/www.hotelbolognese.com\/de\/","name":"Villa Pace Park Hotel Bolognese","description":"","potentialAction":[{"@type":"SearchAction","target":{"@type":"EntryPoint","urlTemplate":"https:\/\/www.hotelbolognese.com\/de\/?s={search_term_string}"},"query-input":{"@type":"PropertyValueSpecification","valueRequired":true,"valueName":"search_term_string"}}],"inLanguage":"de-DE"}]}},"acf":[],"_links":{"self":[{"href":"https:\/\/www.hotelbolognese.com\/de\/wp-json\/wp\/v2\/pages\/428","targetHints":{"allow":["GET"]}}],"collection":[{"href":"https:\/\/www.hotelbolognese.com\/de\/wp-json\/wp\/v2\/pages"}],"about":[{"href":"https:\/\/www.hotelbolognese.com\/de\/wp-json\/wp\/v2\/types\/page"}],"author":[{"embeddable":true,"href":"https:\/\/www.hotelbolognese.com\/de\/wp-json\/wp\/v2\/users\/7"}],"replies":[{"embeddable":true,"href":"https:\/\/www.hotelbolognese.com\/de\/wp-json\/wp\/v2\/comments?post=428"}],"version-history":[{"count":0,"href":"https:\/\/www.hotelbolognese.com\/de\/wp-json\/wp\/v2\/pages\/428\/revisions"}],"wp:attachment":[{"href":"https:\/\/www.hotelbolognese.com\/de\/wp-json\/wp\/v2\/media?parent=428"}],"curies":[{"name":"wp","href":"https:\/\/api.w.org\/{rel}","templated":true}]}}