{"id":424,"date":"2023-11-18T18:35:01","date_gmt":"2023-11-18T18:35:01","guid":{"rendered":"https:\/\/www.hotelbolognese.com\/?page_id=424"},"modified":"2024-02-05T15:14:22","modified_gmt":"2024-02-05T15:14:22","slug":"saal-bellavista-b","status":"publish","type":"page","link":"https:\/\/www.hotelbolognese.com\/de\/tagungen\/saal-bellavista-b\/","title":{"rendered":"Saal Bellavista B"},"content":{"rendered":"<p>Nat\u00fcrliches Licht mit gro\u00dfen Fenstern mit Blick auf den Park und modularer Wand.<br \/>\nIdeal f\u00fcr Konferenzen, Tagungen und Ausstellungen. Der Saal bietet Platz f\u00fcr:<\/p>\n<ul>\n<li>45 Personen mit Tischanordnung in U-Form<\/li>\n<li>45 Personen mit Tischanordnung in \u201eE-Form\u201c<\/li>\n<li>40 Personen mit Tischanordnung \u201eSchulb\u00e4nke\u201c<\/li>\n<li>130 Personen mit Tischanordnung \u201eTheater\u201c<\/li>\n<\/ul>\n","protected":false},"excerpt":{"rendered":"<p>Nat\u00fcrliches Licht mit gro\u00dfen Fenstern mit Blick auf den Park und modularer Wand. Ideal f\u00fcr Konferenzen, Tagungen und Ausstellungen. Der Saal bietet Platz f\u00fcr: 45 Personen mit Tischanordnung in U-Form 45 Personen mit Tischanordnung in \u201eE-Form\u201c 40 Personen mit Tischanordnung \u201eSchulb\u00e4nke\u201c 130 Personen mit Tischanordnung \u201eTheater\u201c<\/p>\n","protected":false},"author":7,"featured_media":0,"parent":415,"menu_order":30,"comment_status":"closed","ping_status":"closed","template":"","meta":{"footnotes":""},"class_list":["post-424","page","type-page","status-publish","hentry"],"yoast_head":"<!-- This site is optimized with the Yoast SEO plugin v27.3 - https:\/\/yoast.com\/product\/yoast-seo-wordpress\/ -->\n<title>Saal Bellavista B - Villa Pace Park Hotel Bolognese -<\/title>\n<meta name=\"description\" content=\"Nat\u00fcrliches Licht mit gro\u00dfen Fenstern mit Blick auf den Park und modularer Wand. Ideal f\u00fcr Konferenzen, Tagungen und Ausstellungen. Der Saal bietet Platz f\u00fcr:   45 Personen mit Tischanordnung in U-Form  45 Personen mit Tischanordnung in \u201eE-Form\u201c  40 Personen mit Tischanordnung \u201eSchulb\u00e4nke\u201c  130 Personen mit Tischanordnung \u201eTheater\u201c\" \/>\n<meta name=\"robots\" content=\"noindex, nofollow\" \/>\n<meta property=\"og:locale\" content=\"de_DE\" \/>\n<meta property=\"og:type\" content=\"article\" \/>\n<meta property=\"og:title\" content=\"Saal Bellavista B - Villa Pace Park Hotel Bolognese -\" \/>\n<meta property=\"og:description\" content=\"Nat\u00fcrliches Licht mit gro\u00dfen Fenstern mit Blick auf den Park und modularer Wand. Ideal f\u00fcr Konferenzen, Tagungen und Ausstellungen. Der Saal bietet Platz f\u00fcr:   45 Personen mit Tischanordnung in U-Form  45 Personen mit Tischanordnung in \u201eE-Form\u201c  40 Personen mit Tischanordnung \u201eSchulb\u00e4nke\u201c  130 Personen mit Tischanordnung \u201eTheater\u201c\" \/>\n<meta property=\"og:url\" content=\"https:\/\/www.hotelbolognese.com\/de\/tagungen\/saal-bellavista-b\/\" \/>\n<meta property=\"og:site_name\" content=\"Villa Pace Park Hotel Bolognese\" \/>\n<meta property=\"article:modified_time\" content=\"2024-02-05T15:14:22+00:00\" \/>\n<meta name=\"twitter:card\" content=\"summary_large_image\" \/>\n<script type=\"application\/ld+json\" class=\"yoast-schema-graph\">{\"@context\":\"https:\\\/\\\/schema.org\",\"@graph\":[{\"@type\":\"WebPage\",\"@id\":\"https:\\\/\\\/www.hotelbolognese.com\\\/de\\\/tagungen\\\/saal-bellavista-b\\\/\",\"url\":\"https:\\\/\\\/www.hotelbolognese.com\\\/de\\\/tagungen\\\/saal-bellavista-b\\\/\",\"name\":\"Saal Bellavista B - Villa Pace Park Hotel Bolognese -\",\"isPartOf\":{\"@id\":\"https:\\\/\\\/www.hotelbolognese.com\\\/de\\\/#website\"},\"datePublished\":\"2023-11-18T18:35:01+00:00\",\"dateModified\":\"2024-02-05T15:14:22+00:00\",\"description\":\"Nat\u00fcrliches Licht mit gro\u00dfen Fenstern mit Blick auf den Park und modularer Wand. Ideal f\u00fcr Konferenzen, Tagungen und Ausstellungen. Der Saal bietet Platz f\u00fcr: \u2022 45 Personen mit Tischanordnung in U-Form \u2022 45 Personen mit Tischanordnung in \u201eE-Form\u201c \u2022 40 Personen mit Tischanordnung \u201eSchulb\u00e4nke\u201c \u2022 130 Personen mit Tischanordnung \u201eTheater\u201c\",\"breadcrumb\":{\"@id\":\"https:\\\/\\\/www.hotelbolognese.com\\\/de\\\/tagungen\\\/saal-bellavista-b\\\/#breadcrumb\"},\"inLanguage\":\"de-DE\",\"potentialAction\":[{\"@type\":\"ReadAction\",\"target\":[\"https:\\\/\\\/www.hotelbolognese.com\\\/de\\\/tagungen\\\/saal-bellavista-b\\\/\"]}]},{\"@type\":\"BreadcrumbList\",\"@id\":\"https:\\\/\\\/www.hotelbolognese.com\\\/de\\\/tagungen\\\/saal-bellavista-b\\\/#breadcrumb\",\"itemListElement\":[{\"@type\":\"ListItem\",\"position\":1,\"name\":\"Home\",\"item\":\"https:\\\/\\\/www.hotelbolognese.com\\\/de\\\/\"},{\"@type\":\"ListItem\",\"position\":2,\"name\":\"Tagungen\",\"item\":\"https:\\\/\\\/www.hotelbolognese.com\\\/de\\\/tagungen\\\/\"},{\"@type\":\"ListItem\",\"position\":3,\"name\":\"Saal Bellavista B\"}]},{\"@type\":\"WebSite\",\"@id\":\"https:\\\/\\\/www.hotelbolognese.com\\\/de\\\/#website\",\"url\":\"https:\\\/\\\/www.hotelbolognese.com\\\/de\\\/\",\"name\":\"Villa Pace Park Hotel Bolognese\",\"description\":\"\",\"potentialAction\":[{\"@type\":\"SearchAction\",\"target\":{\"@type\":\"EntryPoint\",\"urlTemplate\":\"https:\\\/\\\/www.hotelbolognese.com\\\/de\\\/?s={search_term_string}\"},\"query-input\":{\"@type\":\"PropertyValueSpecification\",\"valueRequired\":true,\"valueName\":\"search_term_string\"}}],\"inLanguage\":\"de-DE\"}]}<\/script>\n<!-- \/ Yoast SEO plugin. -->","yoast_head_json":{"title":"Saal Bellavista B - Villa Pace Park Hotel Bolognese -","description":"Nat\u00fcrliches Licht mit gro\u00dfen Fenstern mit Blick auf den Park und modularer Wand. Ideal f\u00fcr Konferenzen, Tagungen und Ausstellungen. Der Saal bietet Platz f\u00fcr:   45 Personen mit Tischanordnung in U-Form  45 Personen mit Tischanordnung in \u201eE-Form\u201c  40 Personen mit Tischanordnung \u201eSchulb\u00e4nke\u201c  130 Personen mit Tischanordnung \u201eTheater\u201c","robots":{"index":"noindex","follow":"nofollow"},"og_locale":"de_DE","og_type":"article","og_title":"Saal Bellavista B - Villa Pace Park Hotel Bolognese -","og_description":"Nat\u00fcrliches Licht mit gro\u00dfen Fenstern mit Blick auf den Park und modularer Wand. Ideal f\u00fcr Konferenzen, Tagungen und Ausstellungen. Der Saal bietet Platz f\u00fcr:   45 Personen mit Tischanordnung in U-Form  45 Personen mit Tischanordnung in \u201eE-Form\u201c  40 Personen mit Tischanordnung \u201eSchulb\u00e4nke\u201c  130 Personen mit Tischanordnung \u201eTheater\u201c","og_url":"https:\/\/www.hotelbolognese.com\/de\/tagungen\/saal-bellavista-b\/","og_site_name":"Villa Pace Park Hotel Bolognese","article_modified_time":"2024-02-05T15:14:22+00:00","twitter_card":"summary_large_image","schema":{"@context":"https:\/\/schema.org","@graph":[{"@type":"WebPage","@id":"https:\/\/www.hotelbolognese.com\/de\/tagungen\/saal-bellavista-b\/","url":"https:\/\/www.hotelbolognese.com\/de\/tagungen\/saal-bellavista-b\/","name":"Saal Bellavista B - Villa Pace Park Hotel Bolognese -","isPartOf":{"@id":"https:\/\/www.hotelbolognese.com\/de\/#website"},"datePublished":"2023-11-18T18:35:01+00:00","dateModified":"2024-02-05T15:14:22+00:00","description":"Nat\u00fcrliches Licht mit gro\u00dfen Fenstern mit Blick auf den Park und modularer Wand. Ideal f\u00fcr Konferenzen, Tagungen und Ausstellungen. Der Saal bietet Platz f\u00fcr: \u2022 45 Personen mit Tischanordnung in U-Form \u2022 45 Personen mit Tischanordnung in \u201eE-Form\u201c \u2022 40 Personen mit Tischanordnung \u201eSchulb\u00e4nke\u201c \u2022 130 Personen mit Tischanordnung \u201eTheater\u201c","breadcrumb":{"@id":"https:\/\/www.hotelbolognese.com\/de\/tagungen\/saal-bellavista-b\/#breadcrumb"},"inLanguage":"de-DE","potentialAction":[{"@type":"ReadAction","target":["https:\/\/www.hotelbolognese.com\/de\/tagungen\/saal-bellavista-b\/"]}]},{"@type":"BreadcrumbList","@id":"https:\/\/www.hotelbolognese.com\/de\/tagungen\/saal-bellavista-b\/#breadcrumb","itemListElement":[{"@type":"ListItem","position":1,"name":"Home","item":"https:\/\/www.hotelbolognese.com\/de\/"},{"@type":"ListItem","position":2,"name":"Tagungen","item":"https:\/\/www.hotelbolognese.com\/de\/tagungen\/"},{"@type":"ListItem","position":3,"name":"Saal Bellavista B"}]},{"@type":"WebSite","@id":"https:\/\/www.hotelbolognese.com\/de\/#website","url":"https:\/\/www.hotelbolognese.com\/de\/","name":"Villa Pace Park Hotel Bolognese","description":"","potentialAction":[{"@type":"SearchAction","target":{"@type":"EntryPoint","urlTemplate":"https:\/\/www.hotelbolognese.com\/de\/?s={search_term_string}"},"query-input":{"@type":"PropertyValueSpecification","valueRequired":true,"valueName":"search_term_string"}}],"inLanguage":"de-DE"}]}},"acf":[],"_links":{"self":[{"href":"https:\/\/www.hotelbolognese.com\/de\/wp-json\/wp\/v2\/pages\/424","targetHints":{"allow":["GET"]}}],"collection":[{"href":"https:\/\/www.hotelbolognese.com\/de\/wp-json\/wp\/v2\/pages"}],"about":[{"href":"https:\/\/www.hotelbolognese.com\/de\/wp-json\/wp\/v2\/types\/page"}],"author":[{"embeddable":true,"href":"https:\/\/www.hotelbolognese.com\/de\/wp-json\/wp\/v2\/users\/7"}],"replies":[{"embeddable":true,"href":"https:\/\/www.hotelbolognese.com\/de\/wp-json\/wp\/v2\/comments?post=424"}],"version-history":[{"count":0,"href":"https:\/\/www.hotelbolognese.com\/de\/wp-json\/wp\/v2\/pages\/424\/revisions"}],"up":[{"embeddable":true,"href":"https:\/\/www.hotelbolognese.com\/de\/wp-json\/wp\/v2\/pages\/415"}],"wp:attachment":[{"href":"https:\/\/www.hotelbolognese.com\/de\/wp-json\/wp\/v2\/media?parent=424"}],"curies":[{"name":"wp","href":"https:\/\/api.w.org\/{rel}","templated":true}]}}