{"id":410,"date":"2023-11-18T08:09:40","date_gmt":"2023-11-18T08:09:40","guid":{"rendered":"https:\/\/www.hotelbolognese.com\/?page_id=410"},"modified":"2024-02-05T11:47:07","modified_gmt":"2024-02-05T11:47:07","slug":"restaurant","status":"publish","type":"page","link":"https:\/\/www.hotelbolognese.com\/de\/restaurant\/","title":{"rendered":"Restaurant"},"content":{"rendered":"<p>Das <strong>Ristorante Bolognese<\/strong> mit seiner intimen und raffinierten Atmosph\u00e4re ist der ideale Rahmen, um sich von den Spezialit\u00e4ten der venezianischen K\u00fcche verf\u00fchren zu lassen. Die Sommerterrasse mit spektakul\u00e4rem Blick auf den Park ist der perfekte Rahmen f\u00fcr ein Arbeitsfr\u00fchst\u00fcck, ein romantisches Abendessen bei Kerzenschein oder einen privaten Empfang.<\/p>\n<p>Unser K\u00fcchenchef kreiert st\u00e4ndig exquisite Men\u00fcs, die haupts\u00e4chlich aus lokalen und saisonalen Produkten zubereitet werden, begleitet von renommierten Etiketten nationaler und internationaler Weine.<\/p>\n","protected":false},"excerpt":{"rendered":"<p>Das Ristorante Bolognese mit seiner intimen und raffinierten Atmosph\u00e4re ist der ideale Rahmen, um sich von den Spezialit\u00e4ten der venezianischen K\u00fcche verf\u00fchren zu lassen. Die Sommerterrasse mit spektakul\u00e4rem Blick auf den Park ist der perfekte Rahmen f\u00fcr ein Arbeitsfr\u00fchst\u00fcck, ein romantisches Abendessen bei Kerzenschein oder einen privaten Empfang. Unser K\u00fcchenchef kreiert st\u00e4ndig exquisite Men\u00fcs, die [&hellip;]<\/p>\n","protected":false},"author":7,"featured_media":0,"parent":0,"menu_order":30,"comment_status":"closed","ping_status":"closed","template":"template-single-restaurant.php","meta":{"footnotes":""},"class_list":["post-410","page","type-page","status-publish","hentry"],"yoast_head":"<!-- This site is optimized with the Yoast SEO plugin v27.3 - https:\/\/yoast.com\/product\/yoast-seo-wordpress\/ -->\n<title>Restaurant - Villa Pace Park Hotel Bolognese -<\/title>\n<meta name=\"description\" content=\"Das Ristorante Bolognese mit seiner intimen und raffinierten Atmosph\u00e4re ist der ideale Rahmen, um sich von den Spezialit\u00e4ten der venezianischen K\u00fcche verf\u00fchren zu lassen. Die Sommerterrasse mit spektakul\u00e4rem Blick auf den Park ist der perfekte Rahmen f\u00fcr ein Arbeitsfr\u00fchst\u00fcck, ein romantisches Abendessen bei Kerzenschein oder einen privaten Empfang.  Unser K\u00fcchenchef kreiert st\u00e4ndig exquisite Men\u00fcs, die haupts\u00e4chlich aus lokalen und saisonalen Produkten zubereitet werden, begleitet von renommierten Etiketten nationaler und internationaler Weine.\" \/>\n<meta name=\"robots\" content=\"index, follow, max-snippet:-1, max-image-preview:large, max-video-preview:-1\" \/>\n<link rel=\"canonical\" href=\"https:\/\/www.hotelbolognese.com\/de\/restaurant\/\" \/>\n<meta property=\"og:locale\" content=\"de_DE\" \/>\n<meta property=\"og:type\" content=\"article\" \/>\n<meta property=\"og:title\" content=\"Restaurant - Villa Pace Park Hotel Bolognese -\" \/>\n<meta property=\"og:description\" content=\"Das Ristorante Bolognese mit seiner intimen und raffinierten Atmosph\u00e4re ist der ideale Rahmen, um sich von den Spezialit\u00e4ten der venezianischen K\u00fcche verf\u00fchren zu lassen. Die Sommerterrasse mit spektakul\u00e4rem Blick auf den Park ist der perfekte Rahmen f\u00fcr ein Arbeitsfr\u00fchst\u00fcck, ein romantisches Abendessen bei Kerzenschein oder einen privaten Empfang.  Unser K\u00fcchenchef kreiert st\u00e4ndig exquisite Men\u00fcs, die haupts\u00e4chlich aus lokalen und saisonalen Produkten zubereitet werden, begleitet von renommierten Etiketten nationaler und internationaler Weine.\" \/>\n<meta property=\"og:url\" content=\"https:\/\/www.hotelbolognese.com\/de\/restaurant\/\" \/>\n<meta property=\"og:site_name\" content=\"Villa Pace Park Hotel Bolognese\" \/>\n<meta property=\"article:modified_time\" content=\"2024-02-05T11:47:07+00:00\" \/>\n<meta name=\"twitter:card\" content=\"summary_large_image\" \/>\n<script type=\"application\/ld+json\" class=\"yoast-schema-graph\">{\"@context\":\"https:\\\/\\\/schema.org\",\"@graph\":[{\"@type\":\"WebPage\",\"@id\":\"https:\\\/\\\/www.hotelbolognese.com\\\/de\\\/restaurant\\\/\",\"url\":\"https:\\\/\\\/www.hotelbolognese.com\\\/de\\\/restaurant\\\/\",\"name\":\"Restaurant - Villa Pace Park Hotel Bolognese -\",\"isPartOf\":{\"@id\":\"https:\\\/\\\/www.hotelbolognese.com\\\/de\\\/#website\"},\"datePublished\":\"2023-11-18T08:09:40+00:00\",\"dateModified\":\"2024-02-05T11:47:07+00:00\",\"description\":\"Das Ristorante Bolognese mit seiner intimen und raffinierten Atmosph\u00e4re ist der ideale Rahmen, um sich von den Spezialit\u00e4ten der venezianischen K\u00fcche verf\u00fchren zu lassen. Die Sommerterrasse mit spektakul\u00e4rem Blick auf den Park ist der perfekte Rahmen f\u00fcr ein Arbeitsfr\u00fchst\u00fcck, ein romantisches Abendessen bei Kerzenschein oder einen privaten Empfang. Unser K\u00fcchenchef kreiert st\u00e4ndig exquisite Men\u00fcs, die haupts\u00e4chlich aus lokalen und saisonalen Produkten zubereitet werden, begleitet von renommierten Etiketten nationaler und internationaler Weine.\",\"breadcrumb\":{\"@id\":\"https:\\\/\\\/www.hotelbolognese.com\\\/de\\\/restaurant\\\/#breadcrumb\"},\"inLanguage\":\"de-DE\",\"potentialAction\":[{\"@type\":\"ReadAction\",\"target\":[\"https:\\\/\\\/www.hotelbolognese.com\\\/de\\\/restaurant\\\/\"]}]},{\"@type\":\"BreadcrumbList\",\"@id\":\"https:\\\/\\\/www.hotelbolognese.com\\\/de\\\/restaurant\\\/#breadcrumb\",\"itemListElement\":[{\"@type\":\"ListItem\",\"position\":1,\"name\":\"Home\",\"item\":\"https:\\\/\\\/www.hotelbolognese.com\\\/de\\\/\"},{\"@type\":\"ListItem\",\"position\":2,\"name\":\"Restaurant\"}]},{\"@type\":\"WebSite\",\"@id\":\"https:\\\/\\\/www.hotelbolognese.com\\\/de\\\/#website\",\"url\":\"https:\\\/\\\/www.hotelbolognese.com\\\/de\\\/\",\"name\":\"Villa Pace Park Hotel Bolognese\",\"description\":\"\",\"potentialAction\":[{\"@type\":\"SearchAction\",\"target\":{\"@type\":\"EntryPoint\",\"urlTemplate\":\"https:\\\/\\\/www.hotelbolognese.com\\\/de\\\/?s={search_term_string}\"},\"query-input\":{\"@type\":\"PropertyValueSpecification\",\"valueRequired\":true,\"valueName\":\"search_term_string\"}}],\"inLanguage\":\"de-DE\"}]}<\/script>\n<!-- \/ Yoast SEO plugin. -->","yoast_head_json":{"title":"Restaurant - Villa Pace Park Hotel Bolognese -","description":"Das Ristorante Bolognese mit seiner intimen und raffinierten Atmosph\u00e4re ist der ideale Rahmen, um sich von den Spezialit\u00e4ten der venezianischen K\u00fcche verf\u00fchren zu lassen. Die Sommerterrasse mit spektakul\u00e4rem Blick auf den Park ist der perfekte Rahmen f\u00fcr ein Arbeitsfr\u00fchst\u00fcck, ein romantisches Abendessen bei Kerzenschein oder einen privaten Empfang.  Unser K\u00fcchenchef kreiert st\u00e4ndig exquisite Men\u00fcs, die haupts\u00e4chlich aus lokalen und saisonalen Produkten zubereitet werden, begleitet von renommierten Etiketten nationaler und internationaler Weine.","robots":{"index":"index","follow":"follow","max-snippet":"max-snippet:-1","max-image-preview":"max-image-preview:large","max-video-preview":"max-video-preview:-1"},"canonical":"https:\/\/www.hotelbolognese.com\/de\/restaurant\/","og_locale":"de_DE","og_type":"article","og_title":"Restaurant - Villa Pace Park Hotel Bolognese -","og_description":"Das Ristorante Bolognese mit seiner intimen und raffinierten Atmosph\u00e4re ist der ideale Rahmen, um sich von den Spezialit\u00e4ten der venezianischen K\u00fcche verf\u00fchren zu lassen. Die Sommerterrasse mit spektakul\u00e4rem Blick auf den Park ist der perfekte Rahmen f\u00fcr ein Arbeitsfr\u00fchst\u00fcck, ein romantisches Abendessen bei Kerzenschein oder einen privaten Empfang.  Unser K\u00fcchenchef kreiert st\u00e4ndig exquisite Men\u00fcs, die haupts\u00e4chlich aus lokalen und saisonalen Produkten zubereitet werden, begleitet von renommierten Etiketten nationaler und internationaler Weine.","og_url":"https:\/\/www.hotelbolognese.com\/de\/restaurant\/","og_site_name":"Villa Pace Park Hotel Bolognese","article_modified_time":"2024-02-05T11:47:07+00:00","twitter_card":"summary_large_image","schema":{"@context":"https:\/\/schema.org","@graph":[{"@type":"WebPage","@id":"https:\/\/www.hotelbolognese.com\/de\/restaurant\/","url":"https:\/\/www.hotelbolognese.com\/de\/restaurant\/","name":"Restaurant - Villa Pace Park Hotel Bolognese -","isPartOf":{"@id":"https:\/\/www.hotelbolognese.com\/de\/#website"},"datePublished":"2023-11-18T08:09:40+00:00","dateModified":"2024-02-05T11:47:07+00:00","description":"Das Ristorante Bolognese mit seiner intimen und raffinierten Atmosph\u00e4re ist der ideale Rahmen, um sich von den Spezialit\u00e4ten der venezianischen K\u00fcche verf\u00fchren zu lassen. Die Sommerterrasse mit spektakul\u00e4rem Blick auf den Park ist der perfekte Rahmen f\u00fcr ein Arbeitsfr\u00fchst\u00fcck, ein romantisches Abendessen bei Kerzenschein oder einen privaten Empfang. Unser K\u00fcchenchef kreiert st\u00e4ndig exquisite Men\u00fcs, die haupts\u00e4chlich aus lokalen und saisonalen Produkten zubereitet werden, begleitet von renommierten Etiketten nationaler und internationaler Weine.","breadcrumb":{"@id":"https:\/\/www.hotelbolognese.com\/de\/restaurant\/#breadcrumb"},"inLanguage":"de-DE","potentialAction":[{"@type":"ReadAction","target":["https:\/\/www.hotelbolognese.com\/de\/restaurant\/"]}]},{"@type":"BreadcrumbList","@id":"https:\/\/www.hotelbolognese.com\/de\/restaurant\/#breadcrumb","itemListElement":[{"@type":"ListItem","position":1,"name":"Home","item":"https:\/\/www.hotelbolognese.com\/de\/"},{"@type":"ListItem","position":2,"name":"Restaurant"}]},{"@type":"WebSite","@id":"https:\/\/www.hotelbolognese.com\/de\/#website","url":"https:\/\/www.hotelbolognese.com\/de\/","name":"Villa Pace Park Hotel Bolognese","description":"","potentialAction":[{"@type":"SearchAction","target":{"@type":"EntryPoint","urlTemplate":"https:\/\/www.hotelbolognese.com\/de\/?s={search_term_string}"},"query-input":{"@type":"PropertyValueSpecification","valueRequired":true,"valueName":"search_term_string"}}],"inLanguage":"de-DE"}]}},"acf":[],"_links":{"self":[{"href":"https:\/\/www.hotelbolognese.com\/de\/wp-json\/wp\/v2\/pages\/410","targetHints":{"allow":["GET"]}}],"collection":[{"href":"https:\/\/www.hotelbolognese.com\/de\/wp-json\/wp\/v2\/pages"}],"about":[{"href":"https:\/\/www.hotelbolognese.com\/de\/wp-json\/wp\/v2\/types\/page"}],"author":[{"embeddable":true,"href":"https:\/\/www.hotelbolognese.com\/de\/wp-json\/wp\/v2\/users\/7"}],"replies":[{"embeddable":true,"href":"https:\/\/www.hotelbolognese.com\/de\/wp-json\/wp\/v2\/comments?post=410"}],"version-history":[{"count":0,"href":"https:\/\/www.hotelbolognese.com\/de\/wp-json\/wp\/v2\/pages\/410\/revisions"}],"wp:attachment":[{"href":"https:\/\/www.hotelbolognese.com\/de\/wp-json\/wp\/v2\/media?parent=410"}],"curies":[{"name":"wp","href":"https:\/\/api.w.org\/{rel}","templated":true}]}}